{"id":2924,"date":"2020-09-10T15:10:38","date_gmt":"2020-09-10T08:10:38","guid":{"rendered":"http:\/\/www.thucnclaser.com\/?post_type=product&#038;p=2924"},"modified":"2020-10-13T10:34:55","modified_gmt":"2020-10-13T03:34:55","slug":"may-laser-co2-mini-2030","status":"publish","type":"product","link":"https:\/\/www.thucnclaser.com\/?product=may-laser-co2-mini-2030","title":{"rendered":"M\u00e1y Laser Co2  mini 2030"},"content":{"rendered":"<p><strong>\u1ee8ng d\u1ee5ng\u00a0<\/strong><\/p>\n<p>C\u1eaft da ,v\u1ea3i ,g\u1ed7 tre ,m\u00ea ka simli ,k\u00ednh c\u01b0\u1eddng l\u1ef1c smast phone .<\/p>\n<p>Kh\u1eafc tr\u00ean m\u1ecdi ch\u1ea5t li\u1ec7u hoa qu\u1ea3 ( d\u01b0a h\u1ea5u, d\u1eeba kh\u00f4 ..)<\/p>\n<p><strong>M\u00e1y c\u1eaft Laser mini 20*30-50w\u00a0<\/strong>l\u00e0 d\u00f2ng m\u00e1y c\u1eaft kh\u1eafc ti\u00ean ti\u1ebfn, v\u1edbi vi\u1ec7c \u00e1p d\u1ee5ng c\u00f4ng ngh\u1ec7 c\u1eaft kh\u1eafc Co2 c\u00f9ng v\u1edbi \u0111\u1ed9ng c\u01a1 b\u01b0\u1edbc hi\u1ec7n \u0111\u1ea1i. Ch\u00fang t\u00f4i\u00a0 \u0111\u00e3 nh\u1eadp v\u1ec1 d\u00f2ng m\u00e1y c\u1eaft kh\u1eafc v\u1edbi nh\u1eefng t\u00ednh n\u0103ng v\u01b0\u1ee3t tr\u1ed9i. V\u1edbi k\u00edch th\u01b0\u1edbc b\u00e0n 20*30 \u00a0v\u00e0 ngu\u1ed3n laser 50w th\u00ec \u0111\u00e2y l\u00e0 d\u00f2ng m\u00e1y c\u00f3 k\u00edch th\u01b0\u1edbc nh\u1ecf g\u1ecdn v\u00e0 c\u00f3 t\u00ednh c\u01a1 \u0111\u1ed9ng nh\u1ea5t trong c\u00e1c d\u00f2ng s\u1ea3n ph\u1ea9m laser<\/p>\n<p><span class=\"_5mfr\"><span class=\"_6qdm\"><img decoding=\"async\" class=\"emoji\" role=\"img\" draggable=\"false\" src=\"https:\/\/s.w.org\/images\/core\/emoji\/12.0.0-1\/svg\/1f449.svg\" alt=\"?\" \/><\/span><\/span>M\u00e1y LaserCo2 c\u1eaft k\u00ednh c\u01b0\u1eddng l\u1ef1c \u0111i\u1ec7n tho\u1ea1i, 2030 laser c\u00f4ng su\u1ea5t 50W m\u1edbi \u0111\u1eadp h\u1ed9p gi\u00e1 ch\u1ec9 14 tri\u1ec7u \u0111\u1ed3ng<\/p>\n<p>K\u00e8m GI\u1ea2I PH\u00c1P KH\u1edeI NGHI\u1ec6P CHO NG\u01af\u1edcI C\u00d3 V\u1ed0N \u00cdCH, H\u1ea0N CH\u1ebe H\u00c0NG T\u1ed2N KHO ph\u1ee5 ki\u1ec7n \u0111i\u1ec7n tho\u1ea1i<span class=\"_5mfr\"><span class=\"_6qdm\"><img decoding=\"async\" class=\"emoji\" role=\"img\" draggable=\"false\" src=\"https:\/\/s.w.org\/images\/core\/emoji\/12.0.0-1\/svg\/1f4af.svg\" alt=\"?\" \/><\/span><\/span><br \/>\n<span class=\"_5mfr\"><span class=\"_6qdm\"><img decoding=\"async\" class=\"emoji\" role=\"img\" draggable=\"false\" src=\"https:\/\/s.w.org\/images\/core\/emoji\/12.0.0-1\/svg\/1f449.svg\" alt=\"?\" \/><\/span><\/span>\u00a0H\u1ed6 TR\u1ee2 k\u1ef9 thu\u1eadt, s\u1eed d\u1ee5ng m\u00e1y tr\u1ecdn \u0111\u1eddi,<br \/>\n<span class=\"_5mfr\"><span class=\"_6qdm\"><img decoding=\"async\" class=\"emoji\" role=\"img\" draggable=\"false\" src=\"https:\/\/s.w.org\/images\/core\/emoji\/12.0.0-1\/svg\/1f449.svg\" alt=\"?\" \/><\/span><\/span>Th\u00f4ng tin: M\u00e1y c\u1eaft laser v\u00f9ng l\u00e0m vi\u1ec7c \u0111\u1ea7u c\u1eaft.20x30cm c\u00f4ng su\u1ea5t laser.50W . ph\u1ea7n m\u1ec1m v\u1ebd v\u00e0 ch\u1ea1y tr\u1ef1c ti\u1ebfp corel th\u00f4ng d\u1ee5ng<span class=\"text_exposed_show\"><br \/>\n<span class=\"_5mfr\"><span class=\"_6qdm\"><img decoding=\"async\" class=\"emoji\" role=\"img\" draggable=\"false\" src=\"https:\/\/s.w.org\/images\/core\/emoji\/12.0.0-1\/svg\/1f449.svg\" alt=\"?\" \/><\/span><\/span>Ph\u1ee5 ki\u1ec7n g\u1ed3m: M\u00e1y, qu\u1ea1t h\u00fat kh\u00f3i, m\u00e1y h\u00fat n\u01b0\u1edbc l\u00e0m m\u00e1t, m\u00e1y n\u00e9n kh\u00f4ng kh\u00ed, \u0111\u00e8n \u0111\u1ecbnh v\u1ecb v\u1ecb tr\u00ed c\u1eaft, \u1ed1ng x\u1ea3 kh\u00f3i, usb c\u00e0i \u0111\u1eb7t ph\u1ea7n m\u1ec1m, usb key corellasser.. b\u1ea3o h\u00e0nh 1 n\u0103m<br \/>\n<span class=\"_5mfr\"><span class=\"_6qdm\"><img decoding=\"async\" class=\"emoji\" role=\"img\" draggable=\"false\" src=\"https:\/\/s.w.org\/images\/core\/emoji\/12.0.0-1\/svg\/1f449.svg\" alt=\"?\" \/><\/span><\/span>\u00a0Xem th\u1eed m\u00e1y t\u1ea1i th\u1ecb tr\u1ea5n v\u0169 th\u01b0 th\u00e1i b\u00ecnh<br \/>\nLh. Dtza 0909112460<br \/>\n<iframe loading=\"lazy\" width=\"990\" height=\"515\" src=\"https:\/\/www.youtube.com\/embed\/hnkEdOS0KT4\" frameborder=\"0\" allow=\"accelerometer; autoplay; clipboard-write; encrypted-media; gyroscope; picture-in-picture\" allowfullscreen><\/iframe><br \/>\n<img decoding=\"async\" loading=\"lazy\" class=\"alignnone size-full wp-image-2925\" src=\"http:\/\/www.thucnclaser.com\/wp-content\/uploads\/2020\/09\/117764167_1719840548170178_7965938178964708279_n.jpg\" alt=\"\" width=\"960\" height=\"720\" srcset=\"https:\/\/www.thucnclaser.com\/wp-content\/uploads\/2020\/09\/117764167_1719840548170178_7965938178964708279_n.jpg 960w, https:\/\/www.thucnclaser.com\/wp-content\/uploads\/2020\/09\/117764167_1719840548170178_7965938178964708279_n-768x576.jpg 768w, https:\/\/www.thucnclaser.com\/wp-content\/uploads\/2020\/09\/117764167_1719840548170178_7965938178964708279_n-600x450.jpg 600w\" sizes=\"(max-width: 960px) 100vw, 960px\" \/><img decoding=\"async\" loading=\"lazy\" class=\"alignnone size-full wp-image-2926\" src=\"http:\/\/www.thucnclaser.com\/wp-content\/uploads\/2020\/09\/118008139_1719840471503519_8905676131740667481_n.jpg\" alt=\"\" width=\"960\" height=\"720\" srcset=\"https:\/\/www.thucnclaser.com\/wp-content\/uploads\/2020\/09\/118008139_1719840471503519_8905676131740667481_n.jpg 960w, https:\/\/www.thucnclaser.com\/wp-content\/uploads\/2020\/09\/118008139_1719840471503519_8905676131740667481_n-768x576.jpg 768w, https:\/\/www.thucnclaser.com\/wp-content\/uploads\/2020\/09\/118008139_1719840471503519_8905676131740667481_n-600x450.jpg 600w\" sizes=\"(max-width: 960px) 100vw, 960px\" \/><img decoding=\"async\" loading=\"lazy\" class=\"alignnone size-full wp-image-2927\" src=\"http:\/\/www.thucnclaser.com\/wp-content\/uploads\/2020\/09\/117391482_1710020125818887_6726591564772820249_n.jpg\" alt=\"\" width=\"960\" height=\"720\" srcset=\"https:\/\/www.thucnclaser.com\/wp-content\/uploads\/2020\/09\/117391482_1710020125818887_6726591564772820249_n.jpg 960w, https:\/\/www.thucnclaser.com\/wp-content\/uploads\/2020\/09\/117391482_1710020125818887_6726591564772820249_n-768x576.jpg 768w, https:\/\/www.thucnclaser.com\/wp-content\/uploads\/2020\/09\/117391482_1710020125818887_6726591564772820249_n-600x450.jpg 600w\" sizes=\"(max-width: 960px) 100vw, 960px\" \/><img decoding=\"async\" loading=\"lazy\" class=\"alignnone size-full wp-image-2922\" src=\"http:\/\/www.thucnclaser.com\/wp-content\/uploads\/2020\/09\/may-cat-laser-20-30-40w-11-09-2017-12.png\" alt=\"\" width=\"610\" height=\"450\" srcset=\"https:\/\/www.thucnclaser.com\/wp-content\/uploads\/2020\/09\/may-cat-laser-20-30-40w-11-09-2017-12.png 610w, https:\/\/www.thucnclaser.com\/wp-content\/uploads\/2020\/09\/may-cat-laser-20-30-40w-11-09-2017-12-600x443.png 600w\" sizes=\"(max-width: 610px) 100vw, 610px\" \/><img decoding=\"async\" loading=\"lazy\" class=\"alignnone size-full wp-image-2921\" src=\"http:\/\/www.thucnclaser.com\/wp-content\/uploads\/2020\/09\/anh-khac-laser8.jpg\" alt=\"\" width=\"720\" height=\"960\" srcset=\"https:\/\/www.thucnclaser.com\/wp-content\/uploads\/2020\/09\/anh-khac-laser8.jpg 720w, https:\/\/www.thucnclaser.com\/wp-content\/uploads\/2020\/09\/anh-khac-laser8-600x800.jpg 600w\" sizes=\"(max-width: 720px) 100vw, 720px\" \/><\/span><\/p>\n","protected":false},"excerpt":{"rendered":"<div class=\"price-wrapper\">\n<p class=\"price product-page-price \">\u00a0Li\u00ean h\u1ec7 :090 9112460<\/p>\n<\/div>\n<div class=\"product-short-description\">\n<ul>\n<li><a>H\u00e3ng s\u1ea3n xu\u1ea5t: \u00a0 \u00a0 \u00a0 \u00a0 C<\/a>h\u00ednh H\u00e3ng<\/li>\n<li>C\u00f4ng su\u1ea5t : 50W<\/li>\n<li>Kh\u1ed5 l\u00e0m vi\u1ec7c :20\u00d730<\/li>\n<li><a>M\u00e0u s\u1eafc:\u00a0 \u00a0 \u00a0 \u00a0 \u00a0 \u00a0 \u00a0 \u00a0 \u0110\u1ecf<\/a><\/li>\n<li><a>T\u00ecnh tr\u1ea1ng: \u00a0 \u00a0 \u00a0 \u00a0 \u00a0 \u00a0 \u00a0 \u00a0\u00a0<\/a><span class=\"redd\">C\u00f2n h\u00e0ng<\/span><\/li>\n<\/ul>\n<\/div>\n","protected":false},"featured_media":2925,"comment_status":"open","ping_status":"closed","template":"","meta":[],"product_cat":[61,47],"product_tag":[81,78,80,79],"_links":{"self":[{"href":"https:\/\/www.thucnclaser.com\/index.php?rest_route=\/wp\/v2\/product\/2924"}],"collection":[{"href":"https:\/\/www.thucnclaser.com\/index.php?rest_route=\/wp\/v2\/product"}],"about":[{"href":"https:\/\/www.thucnclaser.com\/index.php?rest_route=\/wp\/v2\/types\/product"}],"replies":[{"embeddable":true,"href":"https:\/\/www.thucnclaser.com\/index.php?rest_route=%2Fwp%2Fv2%2Fcomments&post=2924"}],"wp:featuredmedia":[{"embeddable":true,"href":"https:\/\/www.thucnclaser.com\/index.php?rest_route=\/wp\/v2\/media\/2925"}],"wp:attachment":[{"href":"https:\/\/www.thucnclaser.com\/index.php?rest_route=%2Fwp%2Fv2%2Fmedia&parent=2924"}],"wp:term":[{"taxonomy":"product_cat","embeddable":true,"href":"https:\/\/www.thucnclaser.com\/index.php?rest_route=%2Fwp%2Fv2%2Fproduct_cat&post=2924"},{"taxonomy":"product_tag","embeddable":true,"href":"https:\/\/www.thucnclaser.com\/index.php?rest_route=%2Fwp%2Fv2%2Fproduct_tag&post=2924"}],"curies":[{"name":"wp","href":"https:\/\/api.w.org\/{rel}","templated":true}]}}