{"id":2851,"date":"2020-05-08T09:41:34","date_gmt":"2020-05-08T02:41:34","guid":{"rendered":"http:\/\/www.thucnclaser.com\/?post_type=product&#038;p=2851"},"modified":"2020-05-08T09:42:16","modified_gmt":"2020-05-08T02:42:16","slug":"combo-may-khac-dua-hau-tu-lap-rap","status":"publish","type":"product","link":"https:\/\/www.thucnclaser.com\/?product=combo-may-khac-dua-hau-tu-lap-rap","title":{"rendered":"Combo  m\u00e1y kh\u1eafc d\u01b0a h\u1ea5u t\u1ef1 l\u1eafp r\u00e1p"},"content":{"rendered":"<p>B\u1ed9 combo t\u1ef1 r\u00e1p, l\u00e0 b\u1ed9 linh ki\u1ec7n \u0111\u1ea7y \u0111\u1ee7, b\u1ea1n v\u1ec1 ch\u1ec9 cho l\u00ean khung \u0111\u1ec3 s\u1eed d\u1ee5ng.<\/p>\n<p>Chi ti\u1ebft\u00a0 b\u1ed9 linh ki\u1ec7n.<\/p>\n<p>+ \u0110\u1ea7u galvo\u00a0 v\u00e0 d\u00e2y c\u00e1p k\u1ebft n\u1ed1i.<\/p>\n<p>+ Ngu\u1ed3n nu\u00f4i \u0111\u1ea7u galvo -+15v.<\/p>\n<p>+ Main \u0111i\u1ec1u khi\u1ec3n,<\/p>\n<p>+Ngu\u1ed3n 5v nu\u00f4i main<\/p>\n<p>+ \u1ed0ng ph\u00f3ng laser<\/p>\n<p>+ Ngu\u1ed3n Laser<\/p>\n<p>H\u1ed7 tr\u1ee3 l\u1eafp \u0111\u1eb7t, h\u01b0\u1edbng d\u1eabn s\u1eed d\u1ee5ng.<\/p>\n<p>Cung c\u1ea5p ph\u1ea7n m\u1ec1m<\/p>\n<p>+ H\u1ed7 tr\u1ee3 k\u1ef9 thu\u1eadt 24\/24<\/p>\n<h1><div class=\"video video-fit mb\" style=\"padding-top:56.25%;\"><p><iframe loading=\"lazy\" title=\"M\u00e1y kh\u1eafc d\u01b0a h\u1ea5u t\u1ef1 l\u1eafp r\u00e1p\" width=\"1020\" height=\"574\" src=\"https:\/\/www.youtube.com\/embed\/Fy8H0pycTuE?start=19&#038;feature=oembed\" frameborder=\"0\" allow=\"accelerometer; autoplay; encrypted-media; gyroscope; picture-in-picture\" allowfullscreen><\/iframe><\/p>\n<\/div><\/h1>\n<p><img decoding=\"async\" loading=\"lazy\" class=\"alignnone size-full wp-image-2852\" src=\"http:\/\/www.thucnclaser.com\/wp-content\/uploads\/2020\/05\/Combo-laser-m\u00e1y-kh\u1eafc-d\u01b0a-h\u1ea5u.jpg\" alt=\"\" width=\"1280\" height=\"960\" srcset=\"https:\/\/www.thucnclaser.com\/wp-content\/uploads\/2020\/05\/Combo-laser-m\u00e1y-kh\u1eafc-d\u01b0a-h\u1ea5u.jpg 1280w, https:\/\/www.thucnclaser.com\/wp-content\/uploads\/2020\/05\/Combo-laser-m\u00e1y-kh\u1eafc-d\u01b0a-h\u1ea5u-768x576.jpg 768w, https:\/\/www.thucnclaser.com\/wp-content\/uploads\/2020\/05\/Combo-laser-m\u00e1y-kh\u1eafc-d\u01b0a-h\u1ea5u-600x450.jpg 600w\" sizes=\"(max-width: 1280px) 100vw, 1280px\" \/> <img decoding=\"async\" loading=\"lazy\" class=\"alignnone size-medium wp-image-2853\" src=\"http:\/\/www.thucnclaser.com\/wp-content\/uploads\/2020\/05\/m\u00e1y-kh\u1eafc-d\u01b0a-t\u1ef1-l\u1eafp-r\u00e1p.jpg\" alt=\"\" width=\"1280\" height=\"960\" srcset=\"https:\/\/www.thucnclaser.com\/wp-content\/uploads\/2020\/05\/m\u00e1y-kh\u1eafc-d\u01b0a-t\u1ef1-l\u1eafp-r\u00e1p.jpg 1280w, https:\/\/www.thucnclaser.com\/wp-content\/uploads\/2020\/05\/m\u00e1y-kh\u1eafc-d\u01b0a-t\u1ef1-l\u1eafp-r\u00e1p-768x576.jpg 768w, https:\/\/www.thucnclaser.com\/wp-content\/uploads\/2020\/05\/m\u00e1y-kh\u1eafc-d\u01b0a-t\u1ef1-l\u1eafp-r\u00e1p-600x450.jpg 600w\" sizes=\"(max-width: 1280px) 100vw, 1280px\" \/><\/p>\n","protected":false},"excerpt":{"rendered":"<p>B\u1ed9 combo t\u1ef1 r\u00e1p, l\u00e0 b\u1ed9 linh ki\u1ec7n \u0111\u1ea7y \u0111\u1ee7, b\u1ea1n v\u1ec1 ch\u1ec9 cho l\u00ean khung \u0111\u1ec3 s\u1eed d\u1ee5ng. Chi ti\u1ebft\u00a0 b\u1ed9 linh ki\u1ec7n. + \u0110\u1ea7u galvo\u00a0 v\u00e0 d\u00e2y c\u00e1p k\u1ebft n\u1ed1i. + Ngu\u1ed3n nu\u00f4i \u0111\u1ea7u galvo -+15v. + Main \u0111i\u1ec1u khi\u1ec3n, +Ngu\u1ed3n 5v nu\u00f4i main + \u1ed0ng ph\u00f3ng laser + Ngu\u1ed3n Laser H\u1ed7 tr\u1ee3 [&#8230;]\n","protected":false},"featured_media":2852,"comment_status":"open","ping_status":"closed","template":"","meta":[],"product_cat":[58,47,38],"product_tag":[],"_links":{"self":[{"href":"https:\/\/www.thucnclaser.com\/index.php?rest_route=\/wp\/v2\/product\/2851"}],"collection":[{"href":"https:\/\/www.thucnclaser.com\/index.php?rest_route=\/wp\/v2\/product"}],"about":[{"href":"https:\/\/www.thucnclaser.com\/index.php?rest_route=\/wp\/v2\/types\/product"}],"replies":[{"embeddable":true,"href":"https:\/\/www.thucnclaser.com\/index.php?rest_route=%2Fwp%2Fv2%2Fcomments&post=2851"}],"wp:featuredmedia":[{"embeddable":true,"href":"https:\/\/www.thucnclaser.com\/index.php?rest_route=\/wp\/v2\/media\/2852"}],"wp:attachment":[{"href":"https:\/\/www.thucnclaser.com\/index.php?rest_route=%2Fwp%2Fv2%2Fmedia&parent=2851"}],"wp:term":[{"taxonomy":"product_cat","embeddable":true,"href":"https:\/\/www.thucnclaser.com\/index.php?rest_route=%2Fwp%2Fv2%2Fproduct_cat&post=2851"},{"taxonomy":"product_tag","embeddable":true,"href":"https:\/\/www.thucnclaser.com\/index.php?rest_route=%2Fwp%2Fv2%2Fproduct_tag&post=2851"}],"curies":[{"name":"wp","href":"https:\/\/api.w.org\/{rel}","templated":true}]}}