{"id":2775,"date":"2019-12-18T20:48:50","date_gmt":"2019-12-18T13:48:50","guid":{"rendered":"http:\/\/www.thucnclaser.com\/?post_type=product&#038;p=2775"},"modified":"2020-05-10T16:55:06","modified_gmt":"2020-05-10T09:55:06","slug":"galvo-dau-laser","status":"publish","type":"product","link":"https:\/\/www.thucnclaser.com\/?product=galvo-dau-laser","title":{"rendered":"\u0110\u1ea7u galvo  laser Co2"},"content":{"rendered":"<p>Hi\u1ec7n tr\u00ean th\u1ecb tr\u01b0\u1eddng c\u00f3 r\u1ea5t nhi\u1ec1u m\u00e1y kh\u1eafc laser si\u00eau t\u1ed1c, \u0111\u1ea7u galvo laser co2, l\u00e0 linh ki\u1ec7n quan tr\u1ecdng nh\u1ea5t, \u0111\u1ea3m b\u1ea3o t\u00ednh \u1ed5n \u0111\u1ecbnh c\u1ee7a m\u00e1y<\/p>\n<h2>Th\u00f4ng s\u1ed1 k\u1ef9 thu\u1eadt ch\u00ednh \u0110\u1ea7u galvo co2<\/h2>\n<p>Nhi\u1ec7t \u0111\u1ed9 l\u00e0m vi\u1ec7c: 0\u00b0C-45\u00b0C<br \/>\n\u0110\u1ed9 qu\u00e1n t\u00ednh: 99.9%<br \/>\nTh\u1eddi gian ph\u1ea3n \u1ee9ng : \u22640.40ms<br \/>\nT\u1ec9 l\u1ec7 tr\u01b0\u1ee3t: &lt;40PPM\/\u00b0C<br \/>\nG\u00f3c tr\u01b0\u1ee3t ng\u1eafn: &lt;15\u03bcRad.\/\u00b0C<br \/>\nG\u00f3c tr\u01b0\u1ee3t d\u00e0i (8 ti\u1ebfng l\u00e0m vi\u1ec7c li\u00ean t\u1ee5c): &lt;0.5mRad.<br \/>\nD\u00f2ng \u0111i\u1ec7n l\u00e0m vi\u1ec7c trung b\u00ecnh: 2.0A<br \/>\nD\u00f2ng \u0111i\u1ec7n \u0111\u1ec9nh: 15A (Max)<br \/>\nG\u00f3c qu\u00e9t : \u00b115\u00b0<br \/>\nNhi\u1ec7t \u0111\u1ed9 b\u1ea3o qu\u1ea3n: -10 to +60\u00b0C<br \/>\n\u0110\u1ed9 ph\u00e2n gi\u1ea3i: 12\u03bcRad.<br \/>\n\u0110\u1ed9 ch\u00ednh x\u00e1c l\u1eb7p l\u1ea1i: 8\u03bcRad.<br \/>\nKh\u1ea9u \u0111\u1ed9 \u0111\u1ea7u v\u00e0o: 10.0mm<br \/>\n\u0110\u1ed9 r\u1ed9ng ch\u00f9m tia: 13.4mm<br \/>\nC\u00e2n n\u1eb7ng: 120g<br \/>\nT\u1ea7n s\u1ed1: \u22641000Hz<\/p>\n<h2>H\u1ed7 tr\u1ee3 k\u1ef9 thu\u1eadt<\/h2>\n<p>Th\u01b0 Laser tr\u1ef1c ti\u1ebfp h\u1ed7 tr\u1ee3 k\u1ef9 thu\u1eadt l\u1eafp r\u00e1p c\u0103n ch\u1ec9nh \u0111\u1ea7u galvo co2 , khi c\u00e1c b\u1ea1n mua<\/p>\n<p>chuy\u1ec3n giao k\u1ef9 thu\u1eadt khi kh\u00e1ch h\u00e0ng mua \u0111\u1ec3 l\u1eafp r\u00e1p m\u00e1y laser co2 si\u00eau t\u1ed1c<\/p>\n<p>LH t\u01b0 v\u1ea5n \u0111tzalo 0909112460 Th\u01b0<\/p>\n<p>&nbsp;<\/p>\n<h1><div class=\"video video-fit mb\" style=\"padding-top:56.25%;\"><p><iframe loading=\"lazy\" title=\"Galvo laser co2 . gi\u1edbi thi\u1ec7u\" width=\"1020\" height=\"574\" src=\"https:\/\/www.youtube.com\/embed\/_ghN6-KYcUc?feature=oembed\" frameborder=\"0\" allow=\"accelerometer; autoplay; encrypted-media; gyroscope; picture-in-picture\" allowfullscreen><\/iframe><\/p>\n<\/div><\/h1>\n<p><img decoding=\"async\" loading=\"lazy\" class=\"alignnone size-full wp-image-2776\" src=\"http:\/\/www.thucnclaser.com\/wp-content\/uploads\/2019\/12\/galvo-head-laser.jpg\" alt=\"\" width=\"1280\" height=\"960\" srcset=\"https:\/\/www.thucnclaser.com\/wp-content\/uploads\/2019\/12\/galvo-head-laser.jpg 1280w, https:\/\/www.thucnclaser.com\/wp-content\/uploads\/2019\/12\/galvo-head-laser-768x576.jpg 768w, https:\/\/www.thucnclaser.com\/wp-content\/uploads\/2019\/12\/galvo-head-laser-600x450.jpg 600w\" sizes=\"(max-width: 1280px) 100vw, 1280px\" \/> <img decoding=\"async\" loading=\"lazy\" class=\"alignnone size-medium wp-image-2777\" src=\"http:\/\/www.thucnclaser.com\/wp-content\/uploads\/2019\/12\/Glavo-co2-laser.jpg\" alt=\"\" width=\"1280\" height=\"960\" srcset=\"https:\/\/www.thucnclaser.com\/wp-content\/uploads\/2019\/12\/Glavo-co2-laser.jpg 1280w, https:\/\/www.thucnclaser.com\/wp-content\/uploads\/2019\/12\/Glavo-co2-laser-768x576.jpg 768w, https:\/\/www.thucnclaser.com\/wp-content\/uploads\/2019\/12\/Glavo-co2-laser-600x450.jpg 600w\" sizes=\"(max-width: 1280px) 100vw, 1280px\" \/> <img decoding=\"async\" loading=\"lazy\" class=\"alignnone size-medium wp-image-2778\" src=\"http:\/\/www.thucnclaser.com\/wp-content\/uploads\/2019\/12\/Glavo-co2.jpg\" alt=\"\" width=\"1280\" height=\"960\" srcset=\"https:\/\/www.thucnclaser.com\/wp-content\/uploads\/2019\/12\/Glavo-co2.jpg 1280w, https:\/\/www.thucnclaser.com\/wp-content\/uploads\/2019\/12\/Glavo-co2-768x576.jpg 768w, https:\/\/www.thucnclaser.com\/wp-content\/uploads\/2019\/12\/Glavo-co2-600x450.jpg 600w\" sizes=\"(max-width: 1280px) 100vw, 1280px\" \/> <img decoding=\"async\" loading=\"lazy\" class=\"alignnone size-medium wp-image-2779\" src=\"http:\/\/www.thucnclaser.com\/wp-content\/uploads\/2019\/12\/Glavo-laser-co2.jpg\" alt=\"\" width=\"1280\" height=\"960\" srcset=\"https:\/\/www.thucnclaser.com\/wp-content\/uploads\/2019\/12\/Glavo-laser-co2.jpg 1280w, https:\/\/www.thucnclaser.com\/wp-content\/uploads\/2019\/12\/Glavo-laser-co2-768x576.jpg 768w, https:\/\/www.thucnclaser.com\/wp-content\/uploads\/2019\/12\/Glavo-laser-co2-600x450.jpg 600w\" sizes=\"(max-width: 1280px) 100vw, 1280px\" \/> <img decoding=\"async\" loading=\"lazy\" class=\"alignnone size-medium wp-image-2780\" src=\"http:\/\/www.thucnclaser.com\/wp-content\/uploads\/2019\/12\/Glavo-laser.jpg\" alt=\"\" width=\"1280\" height=\"960\" srcset=\"https:\/\/www.thucnclaser.com\/wp-content\/uploads\/2019\/12\/Glavo-laser.jpg 1280w, https:\/\/www.thucnclaser.com\/wp-content\/uploads\/2019\/12\/Glavo-laser-768x576.jpg 768w, https:\/\/www.thucnclaser.com\/wp-content\/uploads\/2019\/12\/Glavo-laser-600x450.jpg 600w\" sizes=\"(max-width: 1280px) 100vw, 1280px\" \/> <img decoding=\"async\" loading=\"lazy\" class=\"alignnone size-medium wp-image-2781\" src=\"http:\/\/www.thucnclaser.com\/wp-content\/uploads\/2019\/12\/Glavo.jpg\" alt=\"\" width=\"1280\" height=\"960\" srcset=\"https:\/\/www.thucnclaser.com\/wp-content\/uploads\/2019\/12\/Glavo.jpg 1280w, https:\/\/www.thucnclaser.com\/wp-content\/uploads\/2019\/12\/Glavo-768x576.jpg 768w, https:\/\/www.thucnclaser.com\/wp-content\/uploads\/2019\/12\/Glavo-600x450.jpg 600w\" sizes=\"(max-width: 1280px) 100vw, 1280px\" \/><\/p>\n","protected":false},"excerpt":{"rendered":"<p>Xu\u1ea5t s\u1ee9 : Ch\u00ednh h\u00e3ng<\/p>\n<p>M\u00e0u : B\u1ea1c<\/p>\n","protected":false},"featured_media":2781,"comment_status":"open","ping_status":"closed","template":"","meta":[],"product_cat":[58,37,43],"product_tag":[],"_links":{"self":[{"href":"https:\/\/www.thucnclaser.com\/index.php?rest_route=\/wp\/v2\/product\/2775"}],"collection":[{"href":"https:\/\/www.thucnclaser.com\/index.php?rest_route=\/wp\/v2\/product"}],"about":[{"href":"https:\/\/www.thucnclaser.com\/index.php?rest_route=\/wp\/v2\/types\/product"}],"replies":[{"embeddable":true,"href":"https:\/\/www.thucnclaser.com\/index.php?rest_route=%2Fwp%2Fv2%2Fcomments&post=2775"}],"wp:featuredmedia":[{"embeddable":true,"href":"https:\/\/www.thucnclaser.com\/index.php?rest_route=\/wp\/v2\/media\/2781"}],"wp:attachment":[{"href":"https:\/\/www.thucnclaser.com\/index.php?rest_route=%2Fwp%2Fv2%2Fmedia&parent=2775"}],"wp:term":[{"taxonomy":"product_cat","embeddable":true,"href":"https:\/\/www.thucnclaser.com\/index.php?rest_route=%2Fwp%2Fv2%2Fproduct_cat&post=2775"},{"taxonomy":"product_tag","embeddable":true,"href":"https:\/\/www.thucnclaser.com\/index.php?rest_route=%2Fwp%2Fv2%2Fproduct_tag&post=2775"}],"curies":[{"name":"wp","href":"https:\/\/api.w.org\/{rel}","templated":true}]}}