{"id":901,"date":"2017-09-27T15:16:55","date_gmt":"2017-09-27T08:16:55","guid":{"rendered":"http:\/\/thu.hunghaweb.com\/?post_type=product&#038;p=901"},"modified":"2020-05-06T23:03:51","modified_gmt":"2020-05-06T16:03:51","slug":"vi-sai-nhong-xich","status":"publish","type":"product","link":"http:\/\/www.thucnclaser.com\/?product=vi-sai-nhong-xich","title":{"rendered":"Vi sai nh\u00f4ng x\u00edch"},"content":{"rendered":"<p>B\u00e1c b\u1ea1n c\u00f3 th\u1ec3 \u0111\u1eb7t h\u00e0ng tr\u00ean shoppe :\u00a0<a href=\"https:\/\/shopee.vn\/B%E1%BB%99-visai-nh%C3%B4ng-x%C3%ADch-i.9411339.1638880416\">https:\/\/shopee.vn\/B%E1%BB%99-visai-nh%C3%B4ng-x%C3%ADch-i.9411339.1638880416<\/a><\/p>\n<p><span style=\"font-size: 120%;\"><strong>Cobo visai nh\u00f4ng xich G\u1ed3m 1 b\u1ed9 Visai c\u00f3 g\u1ed1i bi 2 b\u00ean +1 \u0110\u0129a (D\u00d9NG X\u00cdCH XE HODA) = 500k ( ch\u01b0a ship)<\/strong><\/span><\/p>\n<p><img decoding=\"async\" loading=\"lazy\" class=\"alignnone size-full wp-image-2625\" src=\"http:\/\/www.thucnclaser.com\/wp-content\/uploads\/2017\/09\/Visa-s\u00ean-\u0111\u0129a.jpg\" alt=\"\" width=\"1280\" height=\"960\" srcset=\"http:\/\/www.thucnclaser.com\/wp-content\/uploads\/2017\/09\/Visa-s\u00ean-\u0111\u0129a.jpg 1280w, http:\/\/www.thucnclaser.com\/wp-content\/uploads\/2017\/09\/Visa-s\u00ean-\u0111\u0129a-768x576.jpg 768w, http:\/\/www.thucnclaser.com\/wp-content\/uploads\/2017\/09\/Visa-s\u00ean-\u0111\u0129a-600x450.jpg 600w\" sizes=\"(max-width: 1280px) 100vw, 1280px\" \/> <img decoding=\"async\" loading=\"lazy\" class=\"alignnone size-medium wp-image-2626\" src=\"http:\/\/www.thucnclaser.com\/wp-content\/uploads\/2017\/09\/visai-\u0111ia-x\u00edch.jpg\" alt=\"\" width=\"1280\" height=\"960\" srcset=\"http:\/\/www.thucnclaser.com\/wp-content\/uploads\/2017\/09\/visai-\u0111ia-x\u00edch.jpg 1280w, http:\/\/www.thucnclaser.com\/wp-content\/uploads\/2017\/09\/visai-\u0111ia-x\u00edch-768x576.jpg 768w, http:\/\/www.thucnclaser.com\/wp-content\/uploads\/2017\/09\/visai-\u0111ia-x\u00edch-600x450.jpg 600w\" sizes=\"(max-width: 1280px) 100vw, 1280px\" \/> <img decoding=\"async\" loading=\"lazy\" class=\"alignnone size-medium wp-image-2627\" src=\"http:\/\/www.thucnclaser.com\/wp-content\/uploads\/2017\/09\/visai-nh\u00f4ng-s\u00ean-dia.jpg\" alt=\"\" width=\"1265\" height=\"669\" srcset=\"http:\/\/www.thucnclaser.com\/wp-content\/uploads\/2017\/09\/visai-nh\u00f4ng-s\u00ean-dia.jpg 1265w, http:\/\/www.thucnclaser.com\/wp-content\/uploads\/2017\/09\/visai-nh\u00f4ng-s\u00ean-dia-768x406.jpg 768w, http:\/\/www.thucnclaser.com\/wp-content\/uploads\/2017\/09\/visai-nh\u00f4ng-s\u00ean-dia-600x317.jpg 600w\" sizes=\"(max-width: 1265px) 100vw, 1265px\" \/> <img decoding=\"async\" loading=\"lazy\" class=\"alignnone size-medium wp-image-2628\" src=\"http:\/\/www.thucnclaser.com\/wp-content\/uploads\/2017\/09\/visai-nh\u00f4ng-x\u00edch.jpg\" alt=\"\" width=\"1280\" height=\"960\" srcset=\"http:\/\/www.thucnclaser.com\/wp-content\/uploads\/2017\/09\/visai-nh\u00f4ng-x\u00edch.jpg 1280w, http:\/\/www.thucnclaser.com\/wp-content\/uploads\/2017\/09\/visai-nh\u00f4ng-x\u00edch-768x576.jpg 768w, http:\/\/www.thucnclaser.com\/wp-content\/uploads\/2017\/09\/visai-nh\u00f4ng-x\u00edch-600x450.jpg 600w\" sizes=\"(max-width: 1280px) 100vw, 1280px\" \/> <img decoding=\"async\" loading=\"lazy\" class=\"alignnone size-medium wp-image-2629\" src=\"http:\/\/www.thucnclaser.com\/wp-content\/uploads\/2017\/09\/visai-s\u00ean-\u0111\u0129a.jpg\" alt=\"\" width=\"909\" height=\"951\" srcset=\"http:\/\/www.thucnclaser.com\/wp-content\/uploads\/2017\/09\/visai-s\u00ean-\u0111\u0129a.jpg 909w, http:\/\/www.thucnclaser.com\/wp-content\/uploads\/2017\/09\/visai-s\u00ean-\u0111\u0129a-768x803.jpg 768w, http:\/\/www.thucnclaser.com\/wp-content\/uploads\/2017\/09\/visai-s\u00ean-\u0111\u0129a-600x628.jpg 600w\" sizes=\"(max-width: 909px) 100vw, 909px\" \/> <img decoding=\"async\" loading=\"lazy\" class=\"alignnone size-medium wp-image-2630\" src=\"http:\/\/www.thucnclaser.com\/wp-content\/uploads\/2017\/09\/visai-xich.jpg\" alt=\"\" width=\"899\" height=\"823\" srcset=\"http:\/\/www.thucnclaser.com\/wp-content\/uploads\/2017\/09\/visai-xich.jpg 899w, http:\/\/www.thucnclaser.com\/wp-content\/uploads\/2017\/09\/visai-xich-768x703.jpg 768w, http:\/\/www.thucnclaser.com\/wp-content\/uploads\/2017\/09\/visai-xich-600x549.jpg 600w\" sizes=\"(max-width: 899px) 100vw, 899px\" \/> <img decoding=\"async\" loading=\"lazy\" class=\"alignnone size-medium wp-image-2574\" src=\"http:\/\/www.thucnclaser.com\/wp-content\/uploads\/2017\/09\/Vi-sai-xich-xe-3-b\u00e1nh.jpg\" alt=\"\" width=\"960\" height=\"1280\" srcset=\"http:\/\/www.thucnclaser.com\/wp-content\/uploads\/2017\/09\/Vi-sai-xich-xe-3-b\u00e1nh.jpg 960w, http:\/\/www.thucnclaser.com\/wp-content\/uploads\/2017\/09\/Vi-sai-xich-xe-3-b\u00e1nh-768x1024.jpg 768w, http:\/\/www.thucnclaser.com\/wp-content\/uploads\/2017\/09\/Vi-sai-xich-xe-3-b\u00e1nh-600x800.jpg 600w\" sizes=\"(max-width: 960px) 100vw, 960px\" \/><\/p>\n<p><img decoding=\"async\" loading=\"lazy\" class=\"alignnone size-full wp-image-2160\" src=\"http:\/\/thucnclaser.com\/wp-content\/uploads\/2017\/09\/vi-sai-xe-\u0111i\u1ec7n.jpg\" alt=\"\" width=\"753\" height=\"600\" srcset=\"http:\/\/www.thucnclaser.com\/wp-content\/uploads\/2017\/09\/vi-sai-xe-\u0111i\u1ec7n.jpg 753w, http:\/\/www.thucnclaser.com\/wp-content\/uploads\/2017\/09\/vi-sai-xe-\u0111i\u1ec7n-600x478.jpg 600w\" sizes=\"(max-width: 753px) 100vw, 753px\" \/> <img decoding=\"async\" loading=\"lazy\" class=\"alignnone size-medium wp-image-2161\" src=\"http:\/\/thucnclaser.com\/wp-content\/uploads\/2017\/09\/vi-sai-xe-\u0111i\u1ec7n-x\u00edch.jpg\" alt=\"\" width=\"751\" height=\"439\" srcset=\"http:\/\/www.thucnclaser.com\/wp-content\/uploads\/2017\/09\/vi-sai-xe-\u0111i\u1ec7n-x\u00edch.jpg 751w, http:\/\/www.thucnclaser.com\/wp-content\/uploads\/2017\/09\/vi-sai-xe-\u0111i\u1ec7n-x\u00edch-600x351.jpg 600w\" sizes=\"(max-width: 751px) 100vw, 751px\" \/> <img decoding=\"async\" loading=\"lazy\" class=\"alignnone size-medium wp-image-2162\" src=\"http:\/\/thucnclaser.com\/wp-content\/uploads\/2017\/09\/vi-sai-xe-\u00f4-t\u00f4-\u0111i\u1ec7n.jpg\" alt=\"\" width=\"3813\" height=\"1521\" srcset=\"http:\/\/www.thucnclaser.com\/wp-content\/uploads\/2017\/09\/vi-sai-xe-\u00f4-t\u00f4-\u0111i\u1ec7n.jpg 3813w, http:\/\/www.thucnclaser.com\/wp-content\/uploads\/2017\/09\/vi-sai-xe-\u00f4-t\u00f4-\u0111i\u1ec7n-600x239.jpg 600w, http:\/\/www.thucnclaser.com\/wp-content\/uploads\/2017\/09\/vi-sai-xe-\u00f4-t\u00f4-\u0111i\u1ec7n-768x306.jpg 768w\" sizes=\"(max-width: 3813px) 100vw, 3813px\" \/><img decoding=\"async\" loading=\"lazy\" class=\"alignnone size-full wp-image-2120\" src=\"http:\/\/thucnclaser.com\/wp-content\/uploads\/2017\/09\/b\u1ed9-vi-sai.jpg\" alt=\"\" width=\"575\" height=\"515\" \/><img decoding=\"async\" loading=\"lazy\" class=\"alignnone size-full wp-image-2121\" src=\"http:\/\/thucnclaser.com\/wp-content\/uploads\/2017\/09\/b\u00e1nh-vi-sai.jpg\" alt=\"\" width=\"480\" height=\"360\" \/><img decoding=\"async\" loading=\"lazy\" class=\"alignnone size-medium wp-image-2114\" src=\"http:\/\/thucnclaser.com\/wp-content\/uploads\/2017\/09\/Vi-sai-xich-2.jpg\" alt=\"\" width=\"3264\" height=\"2448\" srcset=\"http:\/\/www.thucnclaser.com\/wp-content\/uploads\/2017\/09\/Vi-sai-xich-2.jpg 3264w, http:\/\/www.thucnclaser.com\/wp-content\/uploads\/2017\/09\/Vi-sai-xich-2-600x450.jpg 600w, http:\/\/www.thucnclaser.com\/wp-content\/uploads\/2017\/09\/Vi-sai-xich-2-768x576.jpg 768w\" sizes=\"(max-width: 3264px) 100vw, 3264px\" \/> <img decoding=\"async\" loading=\"lazy\" class=\"alignnone size-medium wp-image-2115\" src=\"http:\/\/thucnclaser.com\/wp-content\/uploads\/2017\/09\/Vi-sai-xich-1.jpg\" alt=\"\" width=\"3264\" height=\"2448\" srcset=\"http:\/\/www.thucnclaser.com\/wp-content\/uploads\/2017\/09\/Vi-sai-xich-1.jpg 3264w, http:\/\/www.thucnclaser.com\/wp-content\/uploads\/2017\/09\/Vi-sai-xich-1-600x450.jpg 600w, http:\/\/www.thucnclaser.com\/wp-content\/uploads\/2017\/09\/Vi-sai-xich-1-768x576.jpg 768w\" sizes=\"(max-width: 3264px) 100vw, 3264px\" \/> <img decoding=\"async\" loading=\"lazy\" class=\"alignnone size-medium wp-image-2116\" src=\"http:\/\/thucnclaser.com\/wp-content\/uploads\/2017\/09\/Vi-sai-nh\u00f4ng-xich.jpg\" alt=\"\" width=\"3264\" height=\"2448\" srcset=\"http:\/\/www.thucnclaser.com\/wp-content\/uploads\/2017\/09\/Vi-sai-nh\u00f4ng-xich.jpg 3264w, http:\/\/www.thucnclaser.com\/wp-content\/uploads\/2017\/09\/Vi-sai-nh\u00f4ng-xich-600x450.jpg 600w, http:\/\/www.thucnclaser.com\/wp-content\/uploads\/2017\/09\/Vi-sai-nh\u00f4ng-xich-768x576.jpg 768w\" sizes=\"(max-width: 3264px) 100vw, 3264px\" \/><\/p>\n","protected":false},"excerpt":{"rendered":"<div><span class=\"extra_fields_name\">Th\u01b0\u01a1ng Hi\u1ec7u<\/span>:\u00a0<span class=\"extra_fields_value\">ABC<\/span><\/div>\n<div>Vi sai\u00a0 + nh\u00f4ng\u00a0 x\u00edch<\/div>\n<div>\n<p><strong>Cobo\u00a0 \u00a0: visai nh\u00f4ng xich G\u1ed3m 1 b\u1ed9 Visai c\u00f3 g\u1ed1i bi 2 b\u00ean + \u0110\u0129a\u00a0 =\u00a0 \u00a0500k\u00a0 ( ch\u01b0a ship)<\/strong><\/p>\n<\/div>\n","protected":false},"featured_media":2626,"comment_status":"closed","ping_status":"closed","template":"","meta":[],"product_cat":[64],"product_tag":[],"_links":{"self":[{"href":"http:\/\/www.thucnclaser.com\/index.php?rest_route=\/wp\/v2\/product\/901"}],"collection":[{"href":"http:\/\/www.thucnclaser.com\/index.php?rest_route=\/wp\/v2\/product"}],"about":[{"href":"http:\/\/www.thucnclaser.com\/index.php?rest_route=\/wp\/v2\/types\/product"}],"replies":[{"embeddable":true,"href":"http:\/\/www.thucnclaser.com\/index.php?rest_route=%2Fwp%2Fv2%2Fcomments&post=901"}],"wp:featuredmedia":[{"embeddable":true,"href":"http:\/\/www.thucnclaser.com\/index.php?rest_route=\/wp\/v2\/media\/2626"}],"wp:attachment":[{"href":"http:\/\/www.thucnclaser.com\/index.php?rest_route=%2Fwp%2Fv2%2Fmedia&parent=901"}],"wp:term":[{"taxonomy":"product_cat","embeddable":true,"href":"http:\/\/www.thucnclaser.com\/index.php?rest_route=%2Fwp%2Fv2%2Fproduct_cat&post=901"},{"taxonomy":"product_tag","embeddable":true,"href":"http:\/\/www.thucnclaser.com\/index.php?rest_route=%2Fwp%2Fv2%2Fproduct_tag&post=901"}],"curies":[{"name":"wp","href":"https:\/\/api.w.org\/{rel}","templated":true}]}}