{"id":899,"date":"2017-09-27T15:15:15","date_gmt":"2017-09-27T08:15:15","guid":{"rendered":"http:\/\/thu.hunghaweb.com\/?post_type=product&#038;p=899"},"modified":"2018-07-18T21:31:17","modified_gmt":"2018-07-18T14:31:17","slug":"du-an-xe-4-banh-dap-va-dien","status":"publish","type":"product","link":"http:\/\/www.thucnclaser.com\/?product=du-an-xe-4-banh-dap-va-dien","title":{"rendered":"D\u1ef1 \u00c1n Xe 4 B\u00e1nh ,\u0110\u1ea1p V\u00e0 \u0110i\u1ec7n"},"content":{"rendered":"<p>D\u1ef1 \u00c1n Xe 4 B\u00e1nh ,\u0110\u1ea1p V\u00e0 \u0110i\u1ec7n<\/p>\n<p>Tranh th\u1ee7 vi\u1ec7c \u0111\u1ed3ng \u00e1ng\u00a0 l\u00ean 1 em xe\u00a0 4 B\u00e1nh \u0111\u1ea1p k\u1ebf h\u1ee3p \u0111i\u1ec7n \u0111i d\u1ea1o.<\/p>\n<p>Th\u00f4ng s\u1ed1 c\u1ea7u h\u00ecnh xe<\/p>\n<p>K\u00edch Th\u01b0\u1edbc\u00a0 d\u1ef1 ki\u1ebfn<\/p>\n<p>d\u00e0i 1,6m x r\u1ed9ng 0,9m\u00a0 x cao 0,6m<\/p>\n<ul>\n<li>4 B\u00e1nh xe \u0111\u1ea1p \u0111i\u1ec7n \u0111\u00fac m\u1edbi ,s\u0103m l\u1ed1p (18&#215;2,125)<\/li>\n<li>\u00a0C\u1ea7u sau vi sai x\u00edch<\/li>\n<li>2 l\u00edp ,1 lip \u0111\u01a1n cho ph\u1ea7n \u0111\u1ed9ng c\u01a1 \u0111i\u1ec7n v\u00e0 l\u00edp 6 t\u1ea7ng =&gt; 6 t\u1ed1c \u0111\u1ed9 \u0111\u1ea1p<\/li>\n<li>H\u1ed9p s\u1ed1\u00a0 l\u00f9i\u00a0 t\u1ef1 thi\u1ebft k\u1ebf ,v\u1edbi nh\u00f4ng ch\u00ednh h\u1ed9p s\u1ed1 xe m\u00e1y<\/li>\n<li>\u0110\u1ed9ng c\u01a1 \u0111i\u1ec7n d\u1ef1 ki\u1ebfn 350w<\/li>\n<li>\u00a0H\u1ec7 th\u1ed1ng \u00e2m thanh . hifi<\/li>\n<li>H\u1ec7 th\u1ed1ng phanh ABC<\/li>\n<li>\u00a0C\u00f2n ti\u1ebfp &#8230;&#8230;&#8230;<\/li>\n<\/ul>\n<p>&nbsp;<\/p>\n<p><img decoding=\"async\" loading=\"lazy\" class=\"alignnone size-full wp-image-2123\" src=\"http:\/\/thucnclaser.com\/wp-content\/uploads\/2017\/09\/Ch\u1ebf-\u00f4-t\u00f4-\u0111i\u1ec7n-2.jpg\" alt=\"\" width=\"3264\" height=\"2448\" srcset=\"http:\/\/www.thucnclaser.com\/wp-content\/uploads\/2017\/09\/Ch\u1ebf-\u00f4-t\u00f4-\u0111i\u1ec7n-2.jpg 3264w, http:\/\/www.thucnclaser.com\/wp-content\/uploads\/2017\/09\/Ch\u1ebf-\u00f4-t\u00f4-\u0111i\u1ec7n-2-600x450.jpg 600w, http:\/\/www.thucnclaser.com\/wp-content\/uploads\/2017\/09\/Ch\u1ebf-\u00f4-t\u00f4-\u0111i\u1ec7n-2-768x576.jpg 768w\" sizes=\"(max-width: 3264px) 100vw, 3264px\" \/> <img decoding=\"async\" loading=\"lazy\" class=\"alignnone size-medium wp-image-2124\" src=\"http:\/\/thucnclaser.com\/wp-content\/uploads\/2017\/09\/Ch\u1ebf-\u00f4-t\u00f4-\u0111i\u1ec7n-3.jpg\" alt=\"\" width=\"3264\" height=\"2448\" srcset=\"http:\/\/www.thucnclaser.com\/wp-content\/uploads\/2017\/09\/Ch\u1ebf-\u00f4-t\u00f4-\u0111i\u1ec7n-3.jpg 3264w, http:\/\/www.thucnclaser.com\/wp-content\/uploads\/2017\/09\/Ch\u1ebf-\u00f4-t\u00f4-\u0111i\u1ec7n-3-600x450.jpg 600w, http:\/\/www.thucnclaser.com\/wp-content\/uploads\/2017\/09\/Ch\u1ebf-\u00f4-t\u00f4-\u0111i\u1ec7n-3-768x576.jpg 768w\" sizes=\"(max-width: 3264px) 100vw, 3264px\" \/> <img decoding=\"async\" loading=\"lazy\" class=\"alignnone size-medium wp-image-2125\" src=\"http:\/\/thucnclaser.com\/wp-content\/uploads\/2017\/09\/Ch\u1ebf-\u00f4-t\u00f4-\u0111i\u1ec7n-4.jpg\" alt=\"\" width=\"3264\" height=\"2448\" srcset=\"http:\/\/www.thucnclaser.com\/wp-content\/uploads\/2017\/09\/Ch\u1ebf-\u00f4-t\u00f4-\u0111i\u1ec7n-4.jpg 3264w, http:\/\/www.thucnclaser.com\/wp-content\/uploads\/2017\/09\/Ch\u1ebf-\u00f4-t\u00f4-\u0111i\u1ec7n-4-600x450.jpg 600w, http:\/\/www.thucnclaser.com\/wp-content\/uploads\/2017\/09\/Ch\u1ebf-\u00f4-t\u00f4-\u0111i\u1ec7n-4-768x576.jpg 768w\" sizes=\"(max-width: 3264px) 100vw, 3264px\" \/> <img decoding=\"async\" loading=\"lazy\" class=\"alignnone size-medium wp-image-2126\" src=\"http:\/\/thucnclaser.com\/wp-content\/uploads\/2017\/09\/Ch\u1ebf-\u00f4-t\u00f4-\u0111i\u1ec7n-1.jpg\" alt=\"\" width=\"3264\" height=\"2448\" srcset=\"http:\/\/www.thucnclaser.com\/wp-content\/uploads\/2017\/09\/Ch\u1ebf-\u00f4-t\u00f4-\u0111i\u1ec7n-1.jpg 3264w, http:\/\/www.thucnclaser.com\/wp-content\/uploads\/2017\/09\/Ch\u1ebf-\u00f4-t\u00f4-\u0111i\u1ec7n-1-600x450.jpg 600w, http:\/\/www.thucnclaser.com\/wp-content\/uploads\/2017\/09\/Ch\u1ebf-\u00f4-t\u00f4-\u0111i\u1ec7n-1-768x576.jpg 768w\" sizes=\"(max-width: 3264px) 100vw, 3264px\" \/><\/p>\n","protected":false},"excerpt":{"rendered":"<div><span class=\"extra_fields_name\">Th\u01b0\u01a1ng Hi\u1ec7u<\/span>:\u00a0<span class=\"extra_fields_value\">OEM<\/span><\/div>\n<div><span class=\"extra_fields_name\">Xu\u1ea5t X\u1ee9<\/span>:\u00a0<span class=\"extra_fields_value\">R\u00e1p vi\u1ec7t Nam\u00a0<\/span><\/div>\n<div><span class=\"extra_fields_name\">M\u00e0u S\u1eafc<\/span>:\u00a0<span class=\"extra_fields_value\">Nhi\u1ec1u m\u00e0u<\/span><\/div>\n","protected":false},"featured_media":2125,"comment_status":"closed","ping_status":"closed","template":"","meta":[],"product_cat":[64],"product_tag":[],"_links":{"self":[{"href":"http:\/\/www.thucnclaser.com\/index.php?rest_route=\/wp\/v2\/product\/899"}],"collection":[{"href":"http:\/\/www.thucnclaser.com\/index.php?rest_route=\/wp\/v2\/product"}],"about":[{"href":"http:\/\/www.thucnclaser.com\/index.php?rest_route=\/wp\/v2\/types\/product"}],"replies":[{"embeddable":true,"href":"http:\/\/www.thucnclaser.com\/index.php?rest_route=%2Fwp%2Fv2%2Fcomments&post=899"}],"wp:featuredmedia":[{"embeddable":true,"href":"http:\/\/www.thucnclaser.com\/index.php?rest_route=\/wp\/v2\/media\/2125"}],"wp:attachment":[{"href":"http:\/\/www.thucnclaser.com\/index.php?rest_route=%2Fwp%2Fv2%2Fmedia&parent=899"}],"wp:term":[{"taxonomy":"product_cat","embeddable":true,"href":"http:\/\/www.thucnclaser.com\/index.php?rest_route=%2Fwp%2Fv2%2Fproduct_cat&post=899"},{"taxonomy":"product_tag","embeddable":true,"href":"http:\/\/www.thucnclaser.com\/index.php?rest_route=%2Fwp%2Fv2%2Fproduct_tag&post=899"}],"curies":[{"name":"wp","href":"https:\/\/api.w.org\/{rel}","templated":true}]}}