{"id":897,"date":"2017-09-27T15:13:34","date_gmt":"2017-09-27T08:13:34","guid":{"rendered":"http:\/\/thu.hunghaweb.com\/?post_type=product&#038;p=897"},"modified":"2018-07-18T21:31:17","modified_gmt":"2018-07-18T14:31:17","slug":"dau-ro-tuy-tay-lai","status":"publish","type":"product","link":"http:\/\/www.thucnclaser.com\/?product=dau-ro-tuy-tay-lai","title":{"rendered":"\u0110\u1ea7u r\u00f4 tuy tay l\u00e1i"},"content":{"rendered":"<p><img decoding=\"async\" loading=\"lazy\" class=\"alignnone size-full wp-image-2134\" src=\"http:\/\/thucnclaser.com\/wp-content\/uploads\/2017\/09\/\u0111\u1ea7u-r\u00f4-tuy.jpg\" alt=\"\" width=\"673\" height=\"675\" srcset=\"http:\/\/www.thucnclaser.com\/wp-content\/uploads\/2017\/09\/\u0111\u1ea7u-r\u00f4-tuy.jpg 673w, http:\/\/www.thucnclaser.com\/wp-content\/uploads\/2017\/09\/\u0111\u1ea7u-r\u00f4-tuy-300x300.jpg 300w, http:\/\/www.thucnclaser.com\/wp-content\/uploads\/2017\/09\/\u0111\u1ea7u-r\u00f4-tuy-100x100.jpg 100w, http:\/\/www.thucnclaser.com\/wp-content\/uploads\/2017\/09\/\u0111\u1ea7u-r\u00f4-tuy-600x602.jpg 600w\" sizes=\"(max-width: 673px) 100vw, 673px\" \/>\u00a0<img decoding=\"async\" loading=\"lazy\" class=\"alignnone size-medium wp-image-2129\" src=\"http:\/\/thucnclaser.com\/wp-content\/uploads\/2017\/09\/\u0110\u1ea7u-r\u00f4-tuyn-tay-l\u00e1i-1.jpg\" alt=\"\" width=\"3264\" height=\"2448\" srcset=\"http:\/\/www.thucnclaser.com\/wp-content\/uploads\/2017\/09\/\u0110\u1ea7u-r\u00f4-tuyn-tay-l\u00e1i-1.jpg 3264w, http:\/\/www.thucnclaser.com\/wp-content\/uploads\/2017\/09\/\u0110\u1ea7u-r\u00f4-tuyn-tay-l\u00e1i-1-600x450.jpg 600w, http:\/\/www.thucnclaser.com\/wp-content\/uploads\/2017\/09\/\u0110\u1ea7u-r\u00f4-tuyn-tay-l\u00e1i-1-768x576.jpg 768w\" sizes=\"(max-width: 3264px) 100vw, 3264px\" \/> <img decoding=\"async\" loading=\"lazy\" class=\"alignnone size-medium wp-image-2130\" src=\"http:\/\/thucnclaser.com\/wp-content\/uploads\/2017\/09\/\u0110\u1ea7u-r\u00f4-tuy-tay-l\u00e1i-9.jpg\" alt=\"\" width=\"3264\" height=\"2448\" srcset=\"http:\/\/www.thucnclaser.com\/wp-content\/uploads\/2017\/09\/\u0110\u1ea7u-r\u00f4-tuy-tay-l\u00e1i-9.jpg 3264w, http:\/\/www.thucnclaser.com\/wp-content\/uploads\/2017\/09\/\u0110\u1ea7u-r\u00f4-tuy-tay-l\u00e1i-9-600x450.jpg 600w, http:\/\/www.thucnclaser.com\/wp-content\/uploads\/2017\/09\/\u0110\u1ea7u-r\u00f4-tuy-tay-l\u00e1i-9-768x576.jpg 768w\" sizes=\"(max-width: 3264px) 100vw, 3264px\" \/><\/p>\n","protected":false},"excerpt":{"rendered":"<p>Thong tin h\u00ecnh \u0111\u00ednh k\u00e8m<\/p>\n","protected":false},"featured_media":2130,"comment_status":"closed","ping_status":"closed","template":"","meta":[],"product_cat":[64],"product_tag":[],"_links":{"self":[{"href":"http:\/\/www.thucnclaser.com\/index.php?rest_route=\/wp\/v2\/product\/897"}],"collection":[{"href":"http:\/\/www.thucnclaser.com\/index.php?rest_route=\/wp\/v2\/product"}],"about":[{"href":"http:\/\/www.thucnclaser.com\/index.php?rest_route=\/wp\/v2\/types\/product"}],"replies":[{"embeddable":true,"href":"http:\/\/www.thucnclaser.com\/index.php?rest_route=%2Fwp%2Fv2%2Fcomments&post=897"}],"wp:featuredmedia":[{"embeddable":true,"href":"http:\/\/www.thucnclaser.com\/index.php?rest_route=\/wp\/v2\/media\/2130"}],"wp:attachment":[{"href":"http:\/\/www.thucnclaser.com\/index.php?rest_route=%2Fwp%2Fv2%2Fmedia&parent=897"}],"wp:term":[{"taxonomy":"product_cat","embeddable":true,"href":"http:\/\/www.thucnclaser.com\/index.php?rest_route=%2Fwp%2Fv2%2Fproduct_cat&post=897"},{"taxonomy":"product_tag","embeddable":true,"href":"http:\/\/www.thucnclaser.com\/index.php?rest_route=%2Fwp%2Fv2%2Fproduct_tag&post=897"}],"curies":[{"name":"wp","href":"https:\/\/api.w.org\/{rel}","templated":true}]}}