{"id":871,"date":"2017-09-26T17:26:48","date_gmt":"2017-09-26T10:26:48","guid":{"rendered":"http:\/\/thu.hunghaweb.com\/?post_type=product&#038;p=871"},"modified":"2018-07-18T21:31:17","modified_gmt":"2018-07-18T14:31:17","slug":"cam-bien-hong-ngoai","status":"publish","type":"product","link":"http:\/\/www.thucnclaser.com\/?product=cam-bien-hong-ngoai","title":{"rendered":"C\u1ea3m bi\u1ebfn h\u1ed3ng ngo\u1ea1i"},"content":{"rendered":"<div id=\"vinaTabContent\" class=\"tab-content\">\n<div id=\"vina-description\" class=\"tab-pane product-description active\">\n<h1>C\u1ea3m bi\u1ebfn h\u1ed3ng ngo\u1ea1i<\/h1>\n<p>Ngu\u1ed3n 5-36v<\/p>\n<p>Kho\u1ea3ng c\u00e1ch ph\u00e1t hi\u1ec7n v\u1eadt 0-500mm ,<\/p>\n<p>k\u00edch th\u01b0\u1edbc 18x70mm<\/p>\n<p>led b\u00e1o tr\u1ea1ng th\u00e1i<\/p>\n<div class=\"video video-fit mb\" style=\"padding-top:56.25%;\"><p><iframe loading=\"lazy\" width=\"1020\" height=\"765\" src=\"https:\/\/www.youtube.com\/embed\/W7VFMc6PoaE?start=3&#038;feature=oembed\" frameborder=\"0\" gesture=\"media\" allowfullscreen><\/iframe><\/p>\n<\/div>\n<p>&nbsp;<\/p>\n<h1><img decoding=\"async\" loading=\"lazy\" class=\"alignnone size-full wp-image-2151\" src=\"http:\/\/thucnclaser.com\/wp-content\/uploads\/2017\/09\/C\u1ea3m-bi\u1ebfn-h\u1ed3ng-ngo\u1ea1i-3.jpg\" alt=\"\" width=\"1920\" height=\"1440\" srcset=\"http:\/\/www.thucnclaser.com\/wp-content\/uploads\/2017\/09\/C\u1ea3m-bi\u1ebfn-h\u1ed3ng-ngo\u1ea1i-3.jpg 1920w, http:\/\/www.thucnclaser.com\/wp-content\/uploads\/2017\/09\/C\u1ea3m-bi\u1ebfn-h\u1ed3ng-ngo\u1ea1i-3-600x450.jpg 600w, http:\/\/www.thucnclaser.com\/wp-content\/uploads\/2017\/09\/C\u1ea3m-bi\u1ebfn-h\u1ed3ng-ngo\u1ea1i-3-768x576.jpg 768w\" sizes=\"(max-width: 1920px) 100vw, 1920px\" \/> <img decoding=\"async\" loading=\"lazy\" class=\"alignnone size-medium wp-image-2152\" src=\"http:\/\/thucnclaser.com\/wp-content\/uploads\/2017\/09\/C\u1ea3m-bi\u1ebfn-h\u1ed3ng-ngo\u1ea1i-1.jpg\" alt=\"\" width=\"1920\" height=\"1440\" srcset=\"http:\/\/www.thucnclaser.com\/wp-content\/uploads\/2017\/09\/C\u1ea3m-bi\u1ebfn-h\u1ed3ng-ngo\u1ea1i-1.jpg 1920w, http:\/\/www.thucnclaser.com\/wp-content\/uploads\/2017\/09\/C\u1ea3m-bi\u1ebfn-h\u1ed3ng-ngo\u1ea1i-1-600x450.jpg 600w, http:\/\/www.thucnclaser.com\/wp-content\/uploads\/2017\/09\/C\u1ea3m-bi\u1ebfn-h\u1ed3ng-ngo\u1ea1i-1-768x576.jpg 768w\" sizes=\"(max-width: 1920px) 100vw, 1920px\" \/> <img decoding=\"async\" loading=\"lazy\" class=\"alignnone size-medium wp-image-2153\" src=\"http:\/\/thucnclaser.com\/wp-content\/uploads\/2017\/09\/C\u1ea3m-bi\u1ebfn-h\u1ed3ng-ngo\u1ea1i-2.jpg\" alt=\"\" width=\"1920\" height=\"1440\" srcset=\"http:\/\/www.thucnclaser.com\/wp-content\/uploads\/2017\/09\/C\u1ea3m-bi\u1ebfn-h\u1ed3ng-ngo\u1ea1i-2.jpg 1920w, http:\/\/www.thucnclaser.com\/wp-content\/uploads\/2017\/09\/C\u1ea3m-bi\u1ebfn-h\u1ed3ng-ngo\u1ea1i-2-600x450.jpg 600w, http:\/\/www.thucnclaser.com\/wp-content\/uploads\/2017\/09\/C\u1ea3m-bi\u1ebfn-h\u1ed3ng-ngo\u1ea1i-2-768x576.jpg 768w\" sizes=\"(max-width: 1920px) 100vw, 1920px\" \/><\/h1>\n<\/div>\n<\/div>\n<p>&nbsp;<\/p>\n","protected":false},"excerpt":{"rendered":"<div><span class=\"extra_fields_name\">Th\u01b0\u01a1ng Hi\u1ec7u<\/span>:<\/div>\n<div><span class=\"extra_fields_name\">Xu\u1ea5t X\u1ee9<\/span>:<\/div>\n<div><span class=\"extra_fields_name\">M\u00e0u S\u1eafc<\/span>:\u00a0<span class=\"extra_fields_value\">\u0110\u00e1 m\u00e0u v\u00e0ng<\/span><\/div>\n","protected":false},"featured_media":2153,"comment_status":"closed","ping_status":"closed","template":"","meta":[],"product_cat":[58,43,38],"product_tag":[],"_links":{"self":[{"href":"http:\/\/www.thucnclaser.com\/index.php?rest_route=\/wp\/v2\/product\/871"}],"collection":[{"href":"http:\/\/www.thucnclaser.com\/index.php?rest_route=\/wp\/v2\/product"}],"about":[{"href":"http:\/\/www.thucnclaser.com\/index.php?rest_route=\/wp\/v2\/types\/product"}],"replies":[{"embeddable":true,"href":"http:\/\/www.thucnclaser.com\/index.php?rest_route=%2Fwp%2Fv2%2Fcomments&post=871"}],"wp:featuredmedia":[{"embeddable":true,"href":"http:\/\/www.thucnclaser.com\/index.php?rest_route=\/wp\/v2\/media\/2153"}],"wp:attachment":[{"href":"http:\/\/www.thucnclaser.com\/index.php?rest_route=%2Fwp%2Fv2%2Fmedia&parent=871"}],"wp:term":[{"taxonomy":"product_cat","embeddable":true,"href":"http:\/\/www.thucnclaser.com\/index.php?rest_route=%2Fwp%2Fv2%2Fproduct_cat&post=871"},{"taxonomy":"product_tag","embeddable":true,"href":"http:\/\/www.thucnclaser.com\/index.php?rest_route=%2Fwp%2Fv2%2Fproduct_tag&post=871"}],"curies":[{"name":"wp","href":"https:\/\/api.w.org\/{rel}","templated":true}]}}