{"id":870,"date":"2017-09-26T17:27:04","date_gmt":"2017-09-26T10:27:04","guid":{"rendered":"http:\/\/thu.hunghaweb.com\/?post_type=product&#038;p=870"},"modified":"2018-07-18T21:31:17","modified_gmt":"2018-07-18T14:31:17","slug":"nhong-xich-doi","status":"publish","type":"product","link":"http:\/\/www.thucnclaser.com\/?product=nhong-xich-doi","title":{"rendered":"Nh\u00f4ng x\u00edch \u0111\u00f4i"},"content":{"rendered":"<p>Th\u00f4ng s\u00f4\u00a0 nh\u00f4ng x\u00edch t\u1ea3i \u0111\u00f4i<\/p>\n<p>Lo\u1ea1i xich 428\u00a0 . nh\u00f4ng nh\u1ecf 22 r\u0103ng ,Nh\u00f4ng l\u1edbn 42 r\u0103ng<\/p>\n<p>&nbsp;<\/p>\n<p><img decoding=\"async\" loading=\"lazy\" class=\"alignnone size-full wp-image-2146\" src=\"http:\/\/thucnclaser.com\/wp-content\/uploads\/2017\/09\/Nh\u00f4ng-xich-\u0111\u00f4i-2.jpg\" alt=\"\" width=\"1920\" height=\"1440\" srcset=\"http:\/\/www.thucnclaser.com\/wp-content\/uploads\/2017\/09\/Nh\u00f4ng-xich-\u0111\u00f4i-2.jpg 1920w, http:\/\/www.thucnclaser.com\/wp-content\/uploads\/2017\/09\/Nh\u00f4ng-xich-\u0111\u00f4i-2-600x450.jpg 600w, http:\/\/www.thucnclaser.com\/wp-content\/uploads\/2017\/09\/Nh\u00f4ng-xich-\u0111\u00f4i-2-768x576.jpg 768w\" sizes=\"(max-width: 1920px) 100vw, 1920px\" \/> <img decoding=\"async\" loading=\"lazy\" class=\"alignnone size-medium wp-image-2147\" src=\"http:\/\/thucnclaser.com\/wp-content\/uploads\/2017\/09\/Nh\u00f4ng-xich-\u0111\u00f4i-3.jpg\" alt=\"\" width=\"1920\" height=\"1440\" srcset=\"http:\/\/www.thucnclaser.com\/wp-content\/uploads\/2017\/09\/Nh\u00f4ng-xich-\u0111\u00f4i-3.jpg 1920w, http:\/\/www.thucnclaser.com\/wp-content\/uploads\/2017\/09\/Nh\u00f4ng-xich-\u0111\u00f4i-3-600x450.jpg 600w, http:\/\/www.thucnclaser.com\/wp-content\/uploads\/2017\/09\/Nh\u00f4ng-xich-\u0111\u00f4i-3-768x576.jpg 768w\" sizes=\"(max-width: 1920px) 100vw, 1920px\" \/> <img decoding=\"async\" loading=\"lazy\" class=\"alignnone size-medium wp-image-2148\" src=\"http:\/\/thucnclaser.com\/wp-content\/uploads\/2017\/09\/Nh\u00f4ng-xich-\u0111\u00f4i-4.jpg\" alt=\"\" width=\"1920\" height=\"1440\" srcset=\"http:\/\/www.thucnclaser.com\/wp-content\/uploads\/2017\/09\/Nh\u00f4ng-xich-\u0111\u00f4i-4.jpg 1920w, http:\/\/www.thucnclaser.com\/wp-content\/uploads\/2017\/09\/Nh\u00f4ng-xich-\u0111\u00f4i-4-600x450.jpg 600w, http:\/\/www.thucnclaser.com\/wp-content\/uploads\/2017\/09\/Nh\u00f4ng-xich-\u0111\u00f4i-4-768x576.jpg 768w\" sizes=\"(max-width: 1920px) 100vw, 1920px\" \/> <img decoding=\"async\" loading=\"lazy\" class=\"alignnone size-medium wp-image-2149\" src=\"http:\/\/thucnclaser.com\/wp-content\/uploads\/2017\/09\/Nh\u00f4ng-xich-\u0111\u00f4i-1.jpg\" alt=\"\" width=\"1920\" height=\"1440\" srcset=\"http:\/\/www.thucnclaser.com\/wp-content\/uploads\/2017\/09\/Nh\u00f4ng-xich-\u0111\u00f4i-1.jpg 1920w, http:\/\/www.thucnclaser.com\/wp-content\/uploads\/2017\/09\/Nh\u00f4ng-xich-\u0111\u00f4i-1-600x450.jpg 600w, http:\/\/www.thucnclaser.com\/wp-content\/uploads\/2017\/09\/Nh\u00f4ng-xich-\u0111\u00f4i-1-768x576.jpg 768w\" sizes=\"(max-width: 1920px) 100vw, 1920px\" \/><\/p>\n","protected":false},"excerpt":{"rendered":"<div><span class=\"extra_fields_name\">Th\u01b0\u01a1ng Hi\u1ec7u<\/span>:\u00a0<span class=\"extra_fields_value\">OEM<\/span><\/div>\n<div><span class=\"extra_fields_name\">Xu\u1ea5t X\u1ee9<\/span>:\u00a0<span class=\"extra_fields_value\">Trung qu\u1ed1c, Th\u00e1i Lan<\/span><\/div>\n<div><span class=\"extra_fields_name\">M\u00e0u S\u1eafc<\/span>:\u00a0<span class=\"extra_fields_value\">Nhi\u1ec1u m\u00e0u<\/span><\/div>\n","protected":false},"featured_media":2147,"comment_status":"closed","ping_status":"closed","template":"","meta":[],"product_cat":[64],"product_tag":[65],"_links":{"self":[{"href":"http:\/\/www.thucnclaser.com\/index.php?rest_route=\/wp\/v2\/product\/870"}],"collection":[{"href":"http:\/\/www.thucnclaser.com\/index.php?rest_route=\/wp\/v2\/product"}],"about":[{"href":"http:\/\/www.thucnclaser.com\/index.php?rest_route=\/wp\/v2\/types\/product"}],"replies":[{"embeddable":true,"href":"http:\/\/www.thucnclaser.com\/index.php?rest_route=%2Fwp%2Fv2%2Fcomments&post=870"}],"wp:featuredmedia":[{"embeddable":true,"href":"http:\/\/www.thucnclaser.com\/index.php?rest_route=\/wp\/v2\/media\/2147"}],"wp:attachment":[{"href":"http:\/\/www.thucnclaser.com\/index.php?rest_route=%2Fwp%2Fv2%2Fmedia&parent=870"}],"wp:term":[{"taxonomy":"product_cat","embeddable":true,"href":"http:\/\/www.thucnclaser.com\/index.php?rest_route=%2Fwp%2Fv2%2Fproduct_cat&post=870"},{"taxonomy":"product_tag","embeddable":true,"href":"http:\/\/www.thucnclaser.com\/index.php?rest_route=%2Fwp%2Fv2%2Fproduct_tag&post=870"}],"curies":[{"name":"wp","href":"https:\/\/api.w.org\/{rel}","templated":true}]}}