{"id":3246,"date":"2022-12-18T20:52:13","date_gmt":"2022-12-18T13:52:13","guid":{"rendered":"https:\/\/www.thucnclaser.com\/?post_type=product&#038;p=3246"},"modified":"2022-12-18T22:08:53","modified_gmt":"2022-12-18T15:08:53","slug":"combo-bo-dieu-khien-dau-dao-rung-cnc","status":"publish","type":"product","link":"http:\/\/www.thucnclaser.com\/?product=combo-bo-dieu-khien-dau-dao-rung-cnc","title":{"rendered":"Combo b\u1ed9 \u0111i\u1ec1u khi\u1ec3n, \u0111\u1ea7u dao rung cnc"},"content":{"rendered":"<p>Th\u1ed1ng s\u1ed1, m\u00f4 t\u1ea3:<\/p>\n<p>B\u1ed9 \u0111i\u1ec1u khi\u1ec3n dao rung cnc ,<\/p>\n<p>H\u1ed7 tr\u1ee3 10 tr\u1ee5c ,<\/p>\n<p>c\u00f3 32 ng\u00f5 ra . 8 ng\u00f5 v\u00e0o<\/p>\n<p>M\u00e0n h\u00ecnh c\u1ea3m \u1ee9ng<\/p>\n<p>\u1ee8ng d\u1ee5ng c\u1eaft th\u1ea3m\u00a0 , v\u1ea3i , mech, m\u00fat , x\u1ed1p<\/p>\n<p>B\u1ed9 dao g\u1ed3m \u0111\u1ed3 g\u00e1 tr\u1ee5c Z\u00a0 b\u1ed9 dao rung t\u1ea7n s\u1ed1 cao<\/p>\n<p>&nbsp;<\/p>\n<p><img decoding=\"async\" loading=\"lazy\" class=\"alignnone size-full wp-image-3247\" src=\"http:\/\/www.thucnclaser.com\/wp-content\/uploads\/2022\/12\/bo-da.jpg\" alt=\"\" width=\"1280\" height=\"576\" srcset=\"http:\/\/www.thucnclaser.com\/wp-content\/uploads\/2022\/12\/bo-da.jpg 1280w, http:\/\/www.thucnclaser.com\/wp-content\/uploads\/2022\/12\/bo-da-768x346.jpg 768w, http:\/\/www.thucnclaser.com\/wp-content\/uploads\/2022\/12\/bo-da-600x270.jpg 600w\" sizes=\"(max-width: 1280px) 100vw, 1280px\" \/> <img decoding=\"async\" loading=\"lazy\" class=\"alignnone size-medium wp-image-3248\" src=\"http:\/\/www.thucnclaser.com\/wp-content\/uploads\/2022\/12\/dao-rung-cnc-tham.jpg\" alt=\"\" width=\"1280\" height=\"576\" srcset=\"http:\/\/www.thucnclaser.com\/wp-content\/uploads\/2022\/12\/dao-rung-cnc-tham.jpg 1280w, http:\/\/www.thucnclaser.com\/wp-content\/uploads\/2022\/12\/dao-rung-cnc-tham-768x346.jpg 768w, http:\/\/www.thucnclaser.com\/wp-content\/uploads\/2022\/12\/dao-rung-cnc-tham-600x270.jpg 600w\" sizes=\"(max-width: 1280px) 100vw, 1280px\" \/> <img decoding=\"async\" loading=\"lazy\" class=\"alignnone size-medium wp-image-3249\" src=\"http:\/\/www.thucnclaser.com\/wp-content\/uploads\/2022\/12\/dao-rung-cnc.jpg\" alt=\"\" width=\"1280\" height=\"576\" srcset=\"http:\/\/www.thucnclaser.com\/wp-content\/uploads\/2022\/12\/dao-rung-cnc.jpg 1280w, http:\/\/www.thucnclaser.com\/wp-content\/uploads\/2022\/12\/dao-rung-cnc-768x346.jpg 768w, http:\/\/www.thucnclaser.com\/wp-content\/uploads\/2022\/12\/dao-rung-cnc-600x270.jpg 600w\" sizes=\"(max-width: 1280px) 100vw, 1280px\" \/> <img decoding=\"async\" loading=\"lazy\" class=\"alignnone size-medium wp-image-3250\" src=\"http:\/\/www.thucnclaser.com\/wp-content\/uploads\/2022\/12\/dao-rung.jpg\" alt=\"\" width=\"1280\" height=\"576\" srcset=\"http:\/\/www.thucnclaser.com\/wp-content\/uploads\/2022\/12\/dao-rung.jpg 1280w, http:\/\/www.thucnclaser.com\/wp-content\/uploads\/2022\/12\/dao-rung-768x346.jpg 768w, http:\/\/www.thucnclaser.com\/wp-content\/uploads\/2022\/12\/dao-rung-600x270.jpg 600w\" sizes=\"(max-width: 1280px) 100vw, 1280px\" \/> <img decoding=\"async\" loading=\"lazy\" class=\"alignnone size-medium wp-image-3251\" src=\"http:\/\/www.thucnclaser.com\/wp-content\/uploads\/2022\/12\/dao.jpg\" alt=\"\" width=\"1280\" height=\"576\" srcset=\"http:\/\/www.thucnclaser.com\/wp-content\/uploads\/2022\/12\/dao.jpg 1280w, http:\/\/www.thucnclaser.com\/wp-content\/uploads\/2022\/12\/dao-768x346.jpg 768w, http:\/\/www.thucnclaser.com\/wp-content\/uploads\/2022\/12\/dao-600x270.jpg 600w\" sizes=\"(max-width: 1280px) 100vw, 1280px\" \/><\/p>\n","protected":false},"excerpt":{"rendered":"<p>Th\u1ed1ng s\u1ed1, m\u00f4 t\u1ea3: B\u1ed9 \u0111i\u1ec1u khi\u1ec3n dao rung cnc , H\u1ed7 tr\u1ee3 10 tr\u1ee5c , c\u00f3 32 ng\u00f5 ra . 8 ng\u00f5 v\u00e0o M\u00e0n h\u00ecnh c\u1ea3m \u1ee9ng \u1ee8ng d\u1ee5ng c\u1eaft th\u1ea3m\u00a0 , v\u1ea3i , mech, m\u00fat , x\u1ed1p B\u1ed9 dao g\u1ed3m \u0111\u1ed3 g\u00e1 tr\u1ee5c Z\u00a0 b\u1ed9 dao rung t\u1ea7n s\u1ed1 cao &nbsp;<\/p>\n","protected":false},"featured_media":3250,"comment_status":"open","ping_status":"closed","template":"","meta":[],"product_cat":[58],"product_tag":[],"_links":{"self":[{"href":"http:\/\/www.thucnclaser.com\/index.php?rest_route=\/wp\/v2\/product\/3246"}],"collection":[{"href":"http:\/\/www.thucnclaser.com\/index.php?rest_route=\/wp\/v2\/product"}],"about":[{"href":"http:\/\/www.thucnclaser.com\/index.php?rest_route=\/wp\/v2\/types\/product"}],"replies":[{"embeddable":true,"href":"http:\/\/www.thucnclaser.com\/index.php?rest_route=%2Fwp%2Fv2%2Fcomments&post=3246"}],"wp:featuredmedia":[{"embeddable":true,"href":"http:\/\/www.thucnclaser.com\/index.php?rest_route=\/wp\/v2\/media\/3250"}],"wp:attachment":[{"href":"http:\/\/www.thucnclaser.com\/index.php?rest_route=%2Fwp%2Fv2%2Fmedia&parent=3246"}],"wp:term":[{"taxonomy":"product_cat","embeddable":true,"href":"http:\/\/www.thucnclaser.com\/index.php?rest_route=%2Fwp%2Fv2%2Fproduct_cat&post=3246"},{"taxonomy":"product_tag","embeddable":true,"href":"http:\/\/www.thucnclaser.com\/index.php?rest_route=%2Fwp%2Fv2%2Fproduct_tag&post=3246"}],"curies":[{"name":"wp","href":"https:\/\/api.w.org\/{rel}","templated":true}]}}