{"id":3099,"date":"2021-08-14T15:31:49","date_gmt":"2021-08-14T08:31:49","guid":{"rendered":"https:\/\/www.thucnclaser.com\/?post_type=product&#038;p=3099"},"modified":"2025-04-20T09:03:40","modified_gmt":"2025-04-20T02:03:40","slug":"bo-nhong-xich-kem-truc-lap","status":"publish","type":"product","link":"http:\/\/www.thucnclaser.com\/?product=bo-nhong-xich-kem-truc-lap","title":{"rendered":"B\u1ed9 Visai nh\u00f4ng x\u00edch k\u00e8m tr\u1ee5c l\u00e1p"},"content":{"rendered":"<div dir=\"auto\">Visai \u0111\u00e3 v\u1ec1 h\u00e0ng nha c\u00e1c b\u00e1c.l\u1ea7n n\u00e0y e v\u1ec1 \u0111\u1ee7 b\u1ed9 c\u00f3 c\u1ea3 tr\u1ee5c l\u00e1p ho\u00e0n h\u1ea3o cho c\u00e1c b\u00e1c lu\u00f4n \u1ea1. gi\u00e1 1 b\u1ed9 \u0111\u1ee7 tr\u1ee5c nh\u01b0 h\u00ecnh <a class=\"oajrlxb2 g5ia77u1 qu0x051f esr5mh6w e9989ue4 r7d6kgcz rq0escxv nhd2j8a9 nc684nl6 p7hjln8o kvgmc6g5 cxmmr5t8 oygrvhab hcukyx3x jb3vyjys rz4wbd8a qt6c0cv9 a8nywdso i1ao9s8h esuyzwwr f1sip0of lzcic4wl q66pz984 gpro0wi8 b1v8xokw\" tabindex=\"0\" role=\"link\" href=\"https:\/\/www.facebook.com\/hashtag\/650k?__eep__=6&amp;__cft__[0]=AZUGi35nGmGaQ1NY2v_CdstsDOF83gDIcVMS292M1kUtCUrpLknnheDAlUlNxmBri2jJMHS-2TyFDoT-ZTW1vI8Nl3TK8lRized5ByXtItYuRURpcWQa0wOM1i872SdJ-gkxxvJ3bLfnX3kt_HcJTn2I&amp;__tn__=*NK-y-R\">#650k<\/a> (ch\u01b0a c\u00f3 ship, ph\u00ed ship c\u00e1c b\u00e1c t\u1ef1 tr\u1ea3 \u1ea1) <span class=\"pq6dq46d tbxw36s4 knj5qynh kvgmc6g5 ditlmg2l oygrvhab nvdbi5me sf5mxxl7 gl3lb2sf hhz5lgdu\"><img decoding=\"async\" loading=\"lazy\" src=\"https:\/\/static.xx.fbcdn.net\/images\/emoji.php\/v9\/t7f\/1\/16\/1f60a.png\" alt=\"?\" width=\"16\" height=\"16\" \/><\/span><span class=\"pq6dq46d tbxw36s4 knj5qynh kvgmc6g5 ditlmg2l oygrvhab nvdbi5me sf5mxxl7 gl3lb2sf hhz5lgdu\"><img decoding=\"async\" loading=\"lazy\" src=\"https:\/\/static.xx.fbcdn.net\/images\/emoji.php\/v9\/t7f\/1\/16\/1f60a.png\" alt=\"?\" width=\"16\" height=\"16\" \/><\/span> zalo 0909112460<img decoding=\"async\" loading=\"lazy\" class=\"alignnone size-full wp-image-3100\" src=\"http:\/\/www.thucnclaser.com\/wp-content\/uploads\/2021\/08\/230182535_933359683909637_5258213291175555783_n.jpg\" alt=\"\" width=\"540\" height=\"960\" \/><img decoding=\"async\" loading=\"lazy\" class=\"alignnone size-full wp-image-3101\" src=\"http:\/\/www.thucnclaser.com\/wp-content\/uploads\/2021\/08\/232310604_933359717242967_7047745769206387583_n.jpg\" alt=\"\" width=\"540\" height=\"960\" \/><img decoding=\"async\" loading=\"lazy\" class=\"alignnone size-full wp-image-3102\" src=\"http:\/\/www.thucnclaser.com\/wp-content\/uploads\/2021\/08\/228946360_933359787242960_5085286715302077497_n.jpg\" alt=\"\" width=\"540\" height=\"960\" \/><img decoding=\"async\" loading=\"lazy\" class=\"alignnone size-full wp-image-3103\" src=\"http:\/\/www.thucnclaser.com\/wp-content\/uploads\/2021\/08\/233120040_933359640576308_1582630639723979709_n.jpg\" alt=\"\" width=\"540\" height=\"960\" \/><\/div>\n<div dir=\"auto\">Link shoppe: <a class=\"oajrlxb2 g5ia77u1 qu0x051f esr5mh6w e9989ue4 r7d6kgcz rq0escxv nhd2j8a9 nc684nl6 p7hjln8o kvgmc6g5 cxmmr5t8 oygrvhab hcukyx3x jb3vyjys rz4wbd8a qt6c0cv9 a8nywdso i1ao9s8h esuyzwwr f1sip0of lzcic4wl py34i1dx gpro0wi8\" tabindex=\"0\" role=\"link\" href=\"https:\/\/shopee.vn\/product\/9411339\/3932166957?smtt=0.0.9&amp;fbclid=IwAR15fcUD-jNeVDTa1IOZ7vMHkqpfGW6nOevu-ev2PN-hk4jvV1cf4tfKmu4\" target=\"_blank\" rel=\"nofollow noopener\">https:\/\/shopee.vn\/product\/9411339\/3932166957?smtt=0.0.9<\/a><\/div>\n<div dir=\"auto\">ship h\u00e0ng to\u00e0n qu\u1ed1c. e \u1edf th\u00e1i b\u00ecnh.<\/div>\n","protected":false},"excerpt":{"rendered":"<p>Visai \u0111\u00e3 v\u1ec1 h\u00e0ng nha c\u00e1c b\u00e1c.l\u1ea7n n\u00e0y e v\u1ec1 \u0111\u1ee7 b\u1ed9 c\u00f3 c\u1ea3 tr\u1ee5c l\u00e1p ho\u00e0n h\u1ea3o cho c\u00e1c b\u00e1c lu\u00f4n \u1ea1. gi\u00e1 1 b\u1ed9 \u0111\u1ee7 tr\u1ee5c nh\u01b0 h\u00ecnh #650k (ch\u01b0a c\u00f3 ship, ph\u00ed ship c\u00e1c b\u00e1c t\u1ef1 tr\u1ea3 \u1ea1) zalo 0909112460 Link shoppe: https:\/\/shopee.vn\/product\/9411339\/3932166957?smtt=0.0.9 ship h\u00e0ng to\u00e0n qu\u1ed1c. e \u1edf th\u00e1i b\u00ecnh.<\/p>\n","protected":false},"featured_media":3104,"comment_status":"open","ping_status":"closed","template":"","meta":[],"product_cat":[64],"product_tag":[98,97],"_links":{"self":[{"href":"http:\/\/www.thucnclaser.com\/index.php?rest_route=\/wp\/v2\/product\/3099"}],"collection":[{"href":"http:\/\/www.thucnclaser.com\/index.php?rest_route=\/wp\/v2\/product"}],"about":[{"href":"http:\/\/www.thucnclaser.com\/index.php?rest_route=\/wp\/v2\/types\/product"}],"replies":[{"embeddable":true,"href":"http:\/\/www.thucnclaser.com\/index.php?rest_route=%2Fwp%2Fv2%2Fcomments&post=3099"}],"wp:featuredmedia":[{"embeddable":true,"href":"http:\/\/www.thucnclaser.com\/index.php?rest_route=\/wp\/v2\/media\/3104"}],"wp:attachment":[{"href":"http:\/\/www.thucnclaser.com\/index.php?rest_route=%2Fwp%2Fv2%2Fmedia&parent=3099"}],"wp:term":[{"taxonomy":"product_cat","embeddable":true,"href":"http:\/\/www.thucnclaser.com\/index.php?rest_route=%2Fwp%2Fv2%2Fproduct_cat&post=3099"},{"taxonomy":"product_tag","embeddable":true,"href":"http:\/\/www.thucnclaser.com\/index.php?rest_route=%2Fwp%2Fv2%2Fproduct_tag&post=3099"}],"curies":[{"name":"wp","href":"https:\/\/api.w.org\/{rel}","templated":true}]}}