{"id":2882,"date":"2020-09-07T11:32:07","date_gmt":"2020-09-07T04:32:07","guid":{"rendered":"http:\/\/www.thucnclaser.com\/?post_type=product&#038;p=2882"},"modified":"2021-09-15T20:25:04","modified_gmt":"2021-09-15T13:25:04","slug":"bo-dieu-khien-cnc-ca100-x-shanlong","status":"publish","type":"product","link":"http:\/\/www.thucnclaser.com\/?product=bo-dieu-khien-cnc-ca100-x-shanlong","title":{"rendered":"B\u1ed9 \u0111i\u1ec1u khi\u1ec3n cnc CA100-X"},"content":{"rendered":"<p style=\"text-align: justify;\"><span style=\"font-size: 15pt;\">B\u1ed9 \u0111i\u1ec1u khi\u1ec3n m\u00e1y cnc ba tr\u1ee5c kh\u00f4ng c\u1ea7n m\u00e1y vi t\u00ednh CA100.<\/span><br \/>\n<span style=\"font-size: 15pt;\">B\u1ed9 \u0111i\u1ec1u khi\u1ec3n th\u1ebf h\u1ec7 m\u1edbi thay th\u1ebf to\u00e0n b\u1ed9 c\u00e2y m\u00e1y t\u00ednh, k\u1ebft n\u1ed1i tr\u1ef1c ti\u1ebfp t\u1edbi m\u00e0n h\u00ecnh m\u00e1y t\u00ednh, ch\u1ea1y \u1ed5n \u0111\u1ecbnh v\u1edbi \u0111i\u1ec7n \u00e1p m\u1ed9t chi\u1ec1u 24VDC, kh\u00f4ng b\u1ecb virut&#8230;<\/span><br \/>\n<span style=\"font-size: 15pt;\">B\u1ed9 \u0111i\u1ec1u khi\u1ec3n CA100 giao di\u1ec7n ti\u1ebfng vi\u1ec7t d\u1ec5 d\u00f9ng, kh\u00f4ng c\u1ea7n m\u00e1y t\u00ednh ch\u1ec9 c\u1ea7n c\u1eafm m\u00e0n h\u00ecnh l\u00e0 ch\u1ea1y. Ch\u1ed1ng nhi\u1ec5u, ch\u1ed1ng virut, b\u1ec1n b\u1ec9 v\u00e0 \u1ed5n \u0111\u1ecbnh.<\/span><\/p>\n<p style=\"text-align: justify;\"><span style=\"font-size: 15pt;\">CA100 c\u00f3 th\u1ec3 h\u1ed7 tr\u1ee3 tr\u1ef1c ti\u1ebfp UG, Mastercam, Casmate, CAM, AutoCAD, CorelDraw v\u00e0 c\u00e1c ph\u1ea7n m\u1ec1m CAD\/CAM kh\u00e1c.<br \/>\n\u0110\u1eb7c \u0111i\u1ec3m CA 100:<br \/>\n-Dung l\u01b0\u1ee3ng b\u1ed9 nh\u1edb 2GB.<br \/>\n-C\u00f3 3 c\u1ed5ng USB v\u00e0 \u0111i k\u00e8m b\u1ed9 m\u1edf r\u1ed9ng c\u1ed5ng USB.<br \/>\n-Kh\u00f4ng c\u00f3 virut \u0111\u1ea3m b\u1ea3o file m\u1eabu c\u1ee7a b\u1ea1n kh\u00f4ng b\u1ecb m\u1ea5t.<br \/>\n-S\u1eed d\u1ee5ng \u1ed5n \u0111inh, \u0111\u1ed9 m\u1ecbn cao.<br \/>\n<iframe loading=\"lazy\" src=\"https:\/\/www.youtube.com\/embed\/9uqhnTOGg9A\" width=\"990\" height=\"515\" frameborder=\"0\" allowfullscreen=\"allowfullscreen\"><\/iframe><br \/>\n<\/span><\/p>\n<p>&nbsp;<\/p>\n<p style=\"text-align: justify;\"><img decoding=\"async\" loading=\"lazy\" class=\"alignnone size-full wp-image-2881\" src=\"http:\/\/www.thucnclaser.com\/wp-content\/uploads\/2020\/09\/110214899_1696027900551443_8680319950250576334_n-1.jpg\" alt=\"\" width=\"960\" height=\"720\" srcset=\"http:\/\/www.thucnclaser.com\/wp-content\/uploads\/2020\/09\/110214899_1696027900551443_8680319950250576334_n-1.jpg 960w, http:\/\/www.thucnclaser.com\/wp-content\/uploads\/2020\/09\/110214899_1696027900551443_8680319950250576334_n-1-768x576.jpg 768w, http:\/\/www.thucnclaser.com\/wp-content\/uploads\/2020\/09\/110214899_1696027900551443_8680319950250576334_n-1-600x450.jpg 600w\" sizes=\"(max-width: 960px) 100vw, 960px\" \/><\/p>\n","protected":false},"excerpt":{"rendered":"<div class=\"price-wrapper\">\n<p class=\"price product-page-price \">Li\u00ean h\u1ec7 :090 9112460<\/p>\n<\/div>\n<div class=\"product-short-description\">\n<div class=\"sp\">\n<ul>\n<li><a>H\u00e3ng s\u1ea3n xu\u1ea5t:<\/a>ch\u00ednh h\u00e3ng<\/li>\n<li>M\u00e0u s\u1eafc:B\u1ea1c<\/li>\n<li><a>K\u00edch c\u1ee1:<\/a>nh\u01b0 h\u00ecnh<\/li>\n<li><a>Gi\u00e1:<\/a><span class=\"red\">li\u00ean h\u1ec7 0909112460<\/span><\/li>\n<li><a>T\u00ecnh tr\u1ea1ng:<\/a><span class=\"redd\">C\u00f2n h\u00e0ng<\/span><\/li>\n<\/ul>\n<\/div>\n<div id=\"entry\" class=\"entry\"><\/div>\n<\/div>\n<div class=\"social-icons share-icons share-row relative\"><\/div>\n","protected":false},"featured_media":2881,"comment_status":"open","ping_status":"closed","template":"","meta":[],"product_cat":[70],"product_tag":[77],"_links":{"self":[{"href":"http:\/\/www.thucnclaser.com\/index.php?rest_route=\/wp\/v2\/product\/2882"}],"collection":[{"href":"http:\/\/www.thucnclaser.com\/index.php?rest_route=\/wp\/v2\/product"}],"about":[{"href":"http:\/\/www.thucnclaser.com\/index.php?rest_route=\/wp\/v2\/types\/product"}],"replies":[{"embeddable":true,"href":"http:\/\/www.thucnclaser.com\/index.php?rest_route=%2Fwp%2Fv2%2Fcomments&post=2882"}],"wp:featuredmedia":[{"embeddable":true,"href":"http:\/\/www.thucnclaser.com\/index.php?rest_route=\/wp\/v2\/media\/2881"}],"wp:attachment":[{"href":"http:\/\/www.thucnclaser.com\/index.php?rest_route=%2Fwp%2Fv2%2Fmedia&parent=2882"}],"wp:term":[{"taxonomy":"product_cat","embeddable":true,"href":"http:\/\/www.thucnclaser.com\/index.php?rest_route=%2Fwp%2Fv2%2Fproduct_cat&post=2882"},{"taxonomy":"product_tag","embeddable":true,"href":"http:\/\/www.thucnclaser.com\/index.php?rest_route=%2Fwp%2Fv2%2Fproduct_tag&post=2882"}],"curies":[{"name":"wp","href":"https:\/\/api.w.org\/{rel}","templated":true}]}}