{"id":2676,"date":"2019-08-29T20:43:32","date_gmt":"2019-08-29T13:43:32","guid":{"rendered":"http:\/\/www.thucnclaser.com\/?post_type=product&#038;p=2676"},"modified":"2021-03-30T08:25:28","modified_gmt":"2021-03-30T01:25:28","slug":"may-cat-plasma-cnc-1-ray","status":"publish","type":"product","link":"http:\/\/www.thucnclaser.com\/?product=may-cat-plasma-cnc-1-ray","title":{"rendered":"M\u00e1y C\u1eaft Plasma CNC 1 Ray"},"content":{"rendered":"<p><strong><span style=\"font-size: 100%;\">M\u00e1y C\u1eaft Plasma CNC 1 Ray<\/span><\/strong><\/p>\n<p><strong>Th\u00f4ng s\u1ed1 k\u1ef9 thu\u1eadt:<\/strong><\/p>\n<div align=\"center\">\n<table style=\"height: 354px;\" border=\"1\" width=\"790\" cellspacing=\"0\" cellpadding=\"0\">\n<tbody>\n<tr>\n<td colspan=\"2\"><strong>\u00a0Plasma CNC <\/strong><\/td>\n<td>\u00a0 \u00a0 \u00a0 \u00a0 H\u00e0nh tr\u00ecnh l\u00e0m vi\u1ec7c 3m x1.6m<\/td>\n<td>\u00a0Ngu\u1ed3n c\u1eaft LGK 120<\/td>\n<\/tr>\n<tr>\n<td>Ngu\u1ed3n v\u00e0o<\/td>\n<td>\u00a0 \u00a0V<\/td>\n<td colspan=\"2\">\u00a0 \u00a0 \u00a0 \u00a0 \u00a01P~220VAC &lt;&gt; 3p 380VAC<\/td>\n<\/tr>\n<tr>\n<td colspan=\"2\">Ch\u1ebf \u0111\u1ed9 c\u1eaft<\/td>\n<td colspan=\"2\">\u00a0 \u00a0 \u00a0 \u00a0 \u00a0 \u00a0 \u00a0 Oxy gas + Plasma + demo<\/td>\n<\/tr>\n<tr>\n<td>Chi\u1ec1u r\u1ed9ng c\u1eaft<\/td>\n<td>\u00a0 \u00a0mm<\/td>\n<td colspan=\"2\">\u00a0 \u00a0 \u00a0 \u00a0 \u00a0 1600<\/td>\n<\/tr>\n<tr>\n<td>Chi\u1ec1u d\u00e0i c\u1eaft<\/td>\n<td>\u00a0 \u00a0mm<\/td>\n<td colspan=\"2\">\u00a0 \u00a0 \u00a0 \u00a0 \u00a03000<\/td>\n<\/tr>\n<tr>\n<td>T\u1ed1c \u0111\u1ed9 c\u1eaft<\/td>\n<td>\u00a0 \u00a0mm\/ph<\/td>\n<td colspan=\"2\">\u00a0 \u00a0 \u00a0 \u00a0 \u00a0 0~4000<\/td>\n<\/tr>\n<tr>\n<td>Chi\u1ec1u d\u00e0y c\u1eaft Oxy-gas<\/td>\n<td>\u00a0 \u00a0mm<\/td>\n<td colspan=\"2\">\u00a0 \u00a0 \u00a0 \u00a0 \u00a0 \u00a0 \u00a0 \u00a0 \u00a05~200<\/td>\n<\/tr>\n<tr>\n<td>Chi\u1ec1u d\u00e0y c\u1eaft Plasma<\/td>\n<td>\u00a0 \u00a0mm<\/td>\n<td colspan=\"2\">\u00a0 \u00a0 \u00a0 \u00a0 \u00a0 \u00a0 \u00a0 \u00a0 \u00a0T\u00f9y thu\u1ed9c v\u00e0o ngu\u1ed3n c\u1eaft<\/td>\n<\/tr>\n<tr>\n<td colspan=\"2\">\u0110\u1ed9 ch\u00ednh x\u00e1c<\/td>\n<td colspan=\"2\">\u00a0 \u00a0 \u00a0 \u00a0 \u00a0 \u00a0 \u00a0 \u00a0 \u00a0 \u00b1 0.2mm\/m<\/td>\n<\/tr>\n<tr>\n<td colspan=\"2\">B\u1ed9 \u0111i\u1ec1u khi\u1ec3n m\u1ecf c\u1eaft THC F1620<\/td>\n<td>\u00a0 \u00a0 \u00a0 \u0110i\u1ec1u khi\u1ec3n ch\u00ednh\u00a0 F2100B<\/td>\n<td>\u00a0T\u1ef1 \u0111\u1ed9ng<\/td>\n<\/tr>\n<\/tbody>\n<\/table>\n<\/div>\n<p><img decoding=\"async\" loading=\"lazy\" class=\"alignnone size-full wp-image-2677\" src=\"http:\/\/www.thucnclaser.com\/wp-content\/uploads\/2019\/08\/m\u00e1y-plasma.jpg\" alt=\"\" width=\"1280\" height=\"960\" srcset=\"http:\/\/www.thucnclaser.com\/wp-content\/uploads\/2019\/08\/m\u00e1y-plasma.jpg 1280w, http:\/\/www.thucnclaser.com\/wp-content\/uploads\/2019\/08\/m\u00e1y-plasma-768x576.jpg 768w, http:\/\/www.thucnclaser.com\/wp-content\/uploads\/2019\/08\/m\u00e1y-plasma-600x450.jpg 600w\" sizes=\"(max-width: 1280px) 100vw, 1280px\" \/> <img decoding=\"async\" loading=\"lazy\" class=\"alignnone size-medium wp-image-2678\" src=\"http:\/\/www.thucnclaser.com\/wp-content\/uploads\/2019\/08\/m\u00e1y-plasma-cnc-hoa-v\u0103n.jpg\" alt=\"\" width=\"1233\" height=\"769\" srcset=\"http:\/\/www.thucnclaser.com\/wp-content\/uploads\/2019\/08\/m\u00e1y-plasma-cnc-hoa-v\u0103n.jpg 1233w, http:\/\/www.thucnclaser.com\/wp-content\/uploads\/2019\/08\/m\u00e1y-plasma-cnc-hoa-v\u0103n-768x479.jpg 768w, http:\/\/www.thucnclaser.com\/wp-content\/uploads\/2019\/08\/m\u00e1y-plasma-cnc-hoa-v\u0103n-600x374.jpg 600w\" sizes=\"(max-width: 1233px) 100vw, 1233px\" \/> <img decoding=\"async\" loading=\"lazy\" class=\"alignnone size-medium wp-image-2679\" src=\"http:\/\/www.thucnclaser.com\/wp-content\/uploads\/2019\/08\/m\u00e1y-plasma-cnc-1-ray.jpg\" alt=\"\" width=\"1271\" height=\"775\" srcset=\"http:\/\/www.thucnclaser.com\/wp-content\/uploads\/2019\/08\/m\u00e1y-plasma-cnc-1-ray.jpg 1271w, http:\/\/www.thucnclaser.com\/wp-content\/uploads\/2019\/08\/m\u00e1y-plasma-cnc-1-ray-768x468.jpg 768w, http:\/\/www.thucnclaser.com\/wp-content\/uploads\/2019\/08\/m\u00e1y-plasma-cnc-1-ray-600x366.jpg 600w\" sizes=\"(max-width: 1271px) 100vw, 1271px\" \/><\/p>\n<p><img decoding=\"async\" loading=\"lazy\" class=\"alignnone size-full wp-image-2682\" src=\"http:\/\/www.thucnclaser.com\/wp-content\/uploads\/2019\/08\/plasma.jpg\" alt=\"\" width=\"2551\" height=\"1691\" srcset=\"http:\/\/www.thucnclaser.com\/wp-content\/uploads\/2019\/08\/plasma.jpg 2551w, http:\/\/www.thucnclaser.com\/wp-content\/uploads\/2019\/08\/plasma-768x509.jpg 768w, http:\/\/www.thucnclaser.com\/wp-content\/uploads\/2019\/08\/plasma-600x398.jpg 600w\" sizes=\"(max-width: 2551px) 100vw, 2551px\" \/><\/p>\n","protected":false},"excerpt":{"rendered":"<p>M\u00e1y PLasma 1 ray<\/p>\n<p>Ngu\u1ed3n LGK 120<\/p>\n<p>Xu\u00e2t x\u1ee9\u00a0 Ch\u00ednh H\u00e3ng<\/p>\n<p>K\u00edch th\u01b0\u1edbc ph\u1ee7 b\u00ec 3 m\u00e9t x 2 m\u00e9t<\/p>\n","protected":false},"featured_media":2677,"comment_status":"open","ping_status":"closed","template":"","meta":[],"product_cat":[70],"product_tag":[],"_links":{"self":[{"href":"http:\/\/www.thucnclaser.com\/index.php?rest_route=\/wp\/v2\/product\/2676"}],"collection":[{"href":"http:\/\/www.thucnclaser.com\/index.php?rest_route=\/wp\/v2\/product"}],"about":[{"href":"http:\/\/www.thucnclaser.com\/index.php?rest_route=\/wp\/v2\/types\/product"}],"replies":[{"embeddable":true,"href":"http:\/\/www.thucnclaser.com\/index.php?rest_route=%2Fwp%2Fv2%2Fcomments&post=2676"}],"wp:featuredmedia":[{"embeddable":true,"href":"http:\/\/www.thucnclaser.com\/index.php?rest_route=\/wp\/v2\/media\/2677"}],"wp:attachment":[{"href":"http:\/\/www.thucnclaser.com\/index.php?rest_route=%2Fwp%2Fv2%2Fmedia&parent=2676"}],"wp:term":[{"taxonomy":"product_cat","embeddable":true,"href":"http:\/\/www.thucnclaser.com\/index.php?rest_route=%2Fwp%2Fv2%2Fproduct_cat&post=2676"},{"taxonomy":"product_tag","embeddable":true,"href":"http:\/\/www.thucnclaser.com\/index.php?rest_route=%2Fwp%2Fv2%2Fproduct_tag&post=2676"}],"curies":[{"name":"wp","href":"https:\/\/api.w.org\/{rel}","templated":true}]}}