{"id":2580,"date":"2019-07-15T22:08:03","date_gmt":"2019-07-15T15:08:03","guid":{"rendered":"http:\/\/www.thucnclaser.com\/?post_type=product&#038;p=2580"},"modified":"2021-03-30T09:33:32","modified_gmt":"2021-03-30T02:33:32","slug":"bo-dieu-khien-may-cat-cnc-plasma-f2100","status":"publish","type":"product","link":"http:\/\/www.thucnclaser.com\/?product=bo-dieu-khien-may-cat-cnc-plasma-f2100","title":{"rendered":"B\u1ed8 \u0110I\u1ec0U KHI\u1ec2N M\u00c1Y C\u1eaeT CNC PLASMA F2100"},"content":{"rendered":"<p>*B\u1ed8 \u0110I\u1ec0U KHI\u1ec2N\u00a0PLASMA F2100B<\/p>\n<h2 id=\"item_title\"><strong>B\u1ed9 \u0111i\u1ec1u khi\u1ec3n\u00a0m\u00e1y cnc plasma\u00a0F2100B &#8211; h\u00e0ng ch\u00ednh h\u00e3ng<\/strong><\/h2>\n<p>Th\u00f4ng s\u1ed1 k\u1ef9 thu\u1eadt<\/p>\n<ul>\n<li>B\u1ed9 nh\u1edb l\u01b0u tr\u1eef: B\u1ed9 \u0111i\u1ec1u khi\u1ec3n l\u00ean \u0111\u1ebfn 512M<\/li>\n<li>\u0110\u1ed9 ch\u00ednh x\u00e1c \u0111i\u1ec1u khi\u1ec3n: \u00b1 0.001mm<\/li>\n<li>T\u1ea7n s\u1ed1 t\u1ed1i \u0111a xung: 250KHz, t\u1ed1c \u0111\u1ed9 ho\u1ea1t \u0111\u1ed9ng t\u1ed1i \u0111a: 25 m \/ ph\u00fat<\/li>\n<li>L\u1edbp ph\u00e2n gi\u1ea3i th\u1eddi gian: 10ms<\/li>\n<li>\u0110i\u1ec7 \u00e1p l\u00e0m vi\u1ec7c: DC + 24VDC<\/li>\n<li>M\u00f4i tr\u01b0\u1eddng l\u00e0m vi\u1ec7c: Nhi\u1ec7t \u0111\u1ed9 0 \u2103 \u0111\u1ebfn + 55 \u2103, \u0111\u1ed9 \u1ea9m t\u01b0\u01a1ng \u0111\u1ed1i 0-95% kh\u00f4ng ng\u01b0ng t\u1ee5<\/li>\n<li>B\u1ed9 nh\u1edb b\u00ean ngo\u00e0i: USB<\/li>\n<li>C\u1ea5u t\u1ea1o \u0111\u01b0\u1ee3c b\u1ea3o v\u1ec7 ch\u1ed1ng l\u1ea1i b\u1ee9c x\u1ea1 \u0111i\u1ec7n t\u1eeb, ch\u1ed1ng nhi\u1ec5u, ch\u1ed1ng t\u0129nh \u0111i\u1ec7n<\/li>\n<li>\u00a0Ng\u00f4n Ng\u1eef Ti\u1ebfng Vi\u1ec7t , Ti\u1ebfng Anh ..v..v..<\/li>\n<li>Ch\u1ebf \u0111\u1ed9 \u0111i\u1ec1u khi\u1ec3n Plasma , OxyGas, Demo<\/li>\n<li>H\u1ed7 tr\u1ee3 th\u01b0 vi\u1ec7n m\u1eabu, \u0111a d\u1ea1ng<\/li>\n<li>Tr\u1ef1c ti\u1ebfp h\u1ed7 tr\u1ee3 k\u1ef9 thu\u1eadt 24\/24<\/li>\n<li><a href=\"https:\/\/www.youtube.com\/watch?v=JjA8JlzZLt4&amp;t=443s\" target=\"_blank\" rel=\"noopener noreferrer\">Video s\u1eed d\u1ee5ng ,chuy\u1ec3n ng\u00f4n ng\u1eef ti\u1ebfng vi\u1ec7t<\/a><\/li>\n<li><\/li>\n<\/ul>\n<p><img decoding=\"async\" loading=\"lazy\" class=\"alignnone size-full wp-image-2581\" src=\"http:\/\/www.thucnclaser.com\/wp-content\/uploads\/2019\/07\/B\u1ed8-\u0110I\u1ec0U-KHI\u1ec2N-M\u00c1Y-C\u1eaeT-CNC-PLASMA.jpg\" alt=\"\" width=\"819\" height=\"753\" srcset=\"http:\/\/www.thucnclaser.com\/wp-content\/uploads\/2019\/07\/B\u1ed8-\u0110I\u1ec0U-KHI\u1ec2N-M\u00c1Y-C\u1eaeT-CNC-PLASMA.jpg 819w, http:\/\/www.thucnclaser.com\/wp-content\/uploads\/2019\/07\/B\u1ed8-\u0110I\u1ec0U-KHI\u1ec2N-M\u00c1Y-C\u1eaeT-CNC-PLASMA-768x706.jpg 768w, http:\/\/www.thucnclaser.com\/wp-content\/uploads\/2019\/07\/B\u1ed8-\u0110I\u1ec0U-KHI\u1ec2N-M\u00c1Y-C\u1eaeT-CNC-PLASMA-600x552.jpg 600w\" sizes=\"(max-width: 819px) 100vw, 819px\" \/><\/p>\n<p><img decoding=\"async\" loading=\"lazy\" class=\"alignnone size-full wp-image-2583\" src=\"http:\/\/www.thucnclaser.com\/wp-content\/uploads\/2019\/07\/B\u1ed9-\u0111i\u1ec1u-khi\u1ec3n-Plasma.jpg\" alt=\"\" width=\"819\" height=\"753\" srcset=\"http:\/\/www.thucnclaser.com\/wp-content\/uploads\/2019\/07\/B\u1ed9-\u0111i\u1ec1u-khi\u1ec3n-Plasma.jpg 819w, http:\/\/www.thucnclaser.com\/wp-content\/uploads\/2019\/07\/B\u1ed9-\u0111i\u1ec1u-khi\u1ec3n-Plasma-768x706.jpg 768w, http:\/\/www.thucnclaser.com\/wp-content\/uploads\/2019\/07\/B\u1ed9-\u0111i\u1ec1u-khi\u1ec3n-Plasma-600x552.jpg 600w\" sizes=\"(max-width: 819px) 100vw, 819px\" \/><\/p>\n<p><img decoding=\"async\" loading=\"lazy\" class=\"alignnone size-full wp-image-2691\" src=\"http:\/\/www.thucnclaser.com\/wp-content\/uploads\/2019\/07\/B\u1ed8-\u0110I\u1ec0U-KHI\u1ec2N-PLASMA-F2100B.jpg\" alt=\"\" width=\"1280\" height=\"960\" srcset=\"http:\/\/www.thucnclaser.com\/wp-content\/uploads\/2019\/07\/B\u1ed8-\u0110I\u1ec0U-KHI\u1ec2N-PLASMA-F2100B.jpg 1280w, http:\/\/www.thucnclaser.com\/wp-content\/uploads\/2019\/07\/B\u1ed8-\u0110I\u1ec0U-KHI\u1ec2N-PLASMA-F2100B-768x576.jpg 768w, http:\/\/www.thucnclaser.com\/wp-content\/uploads\/2019\/07\/B\u1ed8-\u0110I\u1ec0U-KHI\u1ec2N-PLASMA-F2100B-600x450.jpg 600w\" sizes=\"(max-width: 1280px) 100vw, 1280px\" \/> <img decoding=\"async\" loading=\"lazy\" class=\"alignnone size-medium wp-image-2692\" src=\"http:\/\/www.thucnclaser.com\/wp-content\/uploads\/2019\/07\/\u0110I\u1ec0U-KHI\u1ec2N-M\u00c1Y-PLASMA-F2100B.jpg\" alt=\"\" width=\"1280\" height=\"960\" srcset=\"http:\/\/www.thucnclaser.com\/wp-content\/uploads\/2019\/07\/\u0110I\u1ec0U-KHI\u1ec2N-M\u00c1Y-PLASMA-F2100B.jpg 1280w, http:\/\/www.thucnclaser.com\/wp-content\/uploads\/2019\/07\/\u0110I\u1ec0U-KHI\u1ec2N-M\u00c1Y-PLASMA-F2100B-768x576.jpg 768w, http:\/\/www.thucnclaser.com\/wp-content\/uploads\/2019\/07\/\u0110I\u1ec0U-KHI\u1ec2N-M\u00c1Y-PLASMA-F2100B-600x450.jpg 600w\" sizes=\"(max-width: 1280px) 100vw, 1280px\" \/> <img decoding=\"async\" loading=\"lazy\" class=\"alignnone size-medium wp-image-2693\" src=\"http:\/\/www.thucnclaser.com\/wp-content\/uploads\/2019\/07\/B\u1ed8-\u0110I\u1ec0U-KHI\u1ec2N-M\u00c1Y-PLASMA-CNC-F2100B.jpg\" alt=\"\" width=\"1280\" height=\"960\" srcset=\"http:\/\/www.thucnclaser.com\/wp-content\/uploads\/2019\/07\/B\u1ed8-\u0110I\u1ec0U-KHI\u1ec2N-M\u00c1Y-PLASMA-CNC-F2100B.jpg 1280w, http:\/\/www.thucnclaser.com\/wp-content\/uploads\/2019\/07\/B\u1ed8-\u0110I\u1ec0U-KHI\u1ec2N-M\u00c1Y-PLASMA-CNC-F2100B-768x576.jpg 768w, http:\/\/www.thucnclaser.com\/wp-content\/uploads\/2019\/07\/B\u1ed8-\u0110I\u1ec0U-KHI\u1ec2N-M\u00c1Y-PLASMA-CNC-F2100B-600x450.jpg 600w\" sizes=\"(max-width: 1280px) 100vw, 1280px\" \/> <img decoding=\"async\" loading=\"lazy\" class=\"alignnone size-medium wp-image-2694\" src=\"http:\/\/www.thucnclaser.com\/wp-content\/uploads\/2019\/07\/B\u1ed8-\u0110I\u1ec0U-KHI\u1ec2N-M\u00c1Y-PLASMA-F2100B.jpg\" alt=\"\" width=\"1280\" height=\"960\" srcset=\"http:\/\/www.thucnclaser.com\/wp-content\/uploads\/2019\/07\/B\u1ed8-\u0110I\u1ec0U-KHI\u1ec2N-M\u00c1Y-PLASMA-F2100B.jpg 1280w, http:\/\/www.thucnclaser.com\/wp-content\/uploads\/2019\/07\/B\u1ed8-\u0110I\u1ec0U-KHI\u1ec2N-M\u00c1Y-PLASMA-F2100B-768x576.jpg 768w, http:\/\/www.thucnclaser.com\/wp-content\/uploads\/2019\/07\/B\u1ed8-\u0110I\u1ec0U-KHI\u1ec2N-M\u00c1Y-PLASMA-F2100B-600x450.jpg 600w\" sizes=\"(max-width: 1280px) 100vw, 1280px\" \/><img decoding=\"async\" loading=\"lazy\" class=\"alignnone size-full wp-image-2585\" src=\"http:\/\/www.thucnclaser.com\/wp-content\/uploads\/2019\/07\/M\u00e1y-c\u1eaft-Plasma-cnc.jpg\" alt=\"\" width=\"1000\" height=\"801\" srcset=\"http:\/\/www.thucnclaser.com\/wp-content\/uploads\/2019\/07\/M\u00e1y-c\u1eaft-Plasma-cnc.jpg 1000w, http:\/\/www.thucnclaser.com\/wp-content\/uploads\/2019\/07\/M\u00e1y-c\u1eaft-Plasma-cnc-768x615.jpg 768w, http:\/\/www.thucnclaser.com\/wp-content\/uploads\/2019\/07\/M\u00e1y-c\u1eaft-Plasma-cnc-600x481.jpg 600w\" sizes=\"(max-width: 1000px) 100vw, 1000px\" \/><img decoding=\"async\" loading=\"lazy\" class=\"alignnone size-full wp-image-2586\" src=\"http:\/\/www.thucnclaser.com\/wp-content\/uploads\/2019\/07\/c\u1eaft-Plasma-cnc.jpg\" alt=\"\" width=\"864\" height=\"543\" srcset=\"http:\/\/www.thucnclaser.com\/wp-content\/uploads\/2019\/07\/c\u1eaft-Plasma-cnc.jpg 864w, http:\/\/www.thucnclaser.com\/wp-content\/uploads\/2019\/07\/c\u1eaft-Plasma-cnc-768x483.jpg 768w, http:\/\/www.thucnclaser.com\/wp-content\/uploads\/2019\/07\/c\u1eaft-Plasma-cnc-600x377.jpg 600w\" sizes=\"(max-width: 864px) 100vw, 864px\" \/><\/p>\n","protected":false},"excerpt":{"rendered":"<p>H\u00e3ng :FangLing<\/p>\n<p>&nbsp;<\/p>\n","protected":false},"featured_media":2691,"comment_status":"open","ping_status":"closed","template":"","meta":[],"product_cat":[70],"product_tag":[],"_links":{"self":[{"href":"http:\/\/www.thucnclaser.com\/index.php?rest_route=\/wp\/v2\/product\/2580"}],"collection":[{"href":"http:\/\/www.thucnclaser.com\/index.php?rest_route=\/wp\/v2\/product"}],"about":[{"href":"http:\/\/www.thucnclaser.com\/index.php?rest_route=\/wp\/v2\/types\/product"}],"replies":[{"embeddable":true,"href":"http:\/\/www.thucnclaser.com\/index.php?rest_route=%2Fwp%2Fv2%2Fcomments&post=2580"}],"wp:featuredmedia":[{"embeddable":true,"href":"http:\/\/www.thucnclaser.com\/index.php?rest_route=\/wp\/v2\/media\/2691"}],"wp:attachment":[{"href":"http:\/\/www.thucnclaser.com\/index.php?rest_route=%2Fwp%2Fv2%2Fmedia&parent=2580"}],"wp:term":[{"taxonomy":"product_cat","embeddable":true,"href":"http:\/\/www.thucnclaser.com\/index.php?rest_route=%2Fwp%2Fv2%2Fproduct_cat&post=2580"},{"taxonomy":"product_tag","embeddable":true,"href":"http:\/\/www.thucnclaser.com\/index.php?rest_route=%2Fwp%2Fv2%2Fproduct_tag&post=2580"}],"curies":[{"name":"wp","href":"https:\/\/api.w.org\/{rel}","templated":true}]}}