{"id":2392,"date":"2018-10-30T19:20:51","date_gmt":"2018-10-30T12:20:51","guid":{"rendered":"http:\/\/thucnclaser.com\/?post_type=product&#038;p=2392"},"modified":"2018-10-30T19:20:51","modified_gmt":"2018-10-30T12:20:51","slug":"driver-3-pha-3nd583","status":"publish","type":"product","link":"http:\/\/www.thucnclaser.com\/?product=driver-3-pha-3nd583","title":{"rendered":"Driver 3 Pha 3ND583"},"content":{"rendered":"<p>&nbsp;<\/p>\n<h1>Driver 3 Pha 3ND583<\/h1>\n<p>-hi\u1ec7u su\u1ea5t cao, ti\u1ebfng \u1ed3n th\u1ea5p v\u00e0 chi ph\u00ed gi\u1ea3m.<\/p>\n<p>Ngu\u1ed3ng \u0111i\u1ec7n \u00e1p \u0111\u1ebfn 50 VDC<\/p>\n<p>-D\u00f2ng l\u00ean \u0111\u1ebfn 8.3A (RMS 5.9A)<\/p>\n<p>-t\u00edn hi\u1ec7u \u0111\u1ea7u v\u00e0o TTL<\/p>\n<p>-t\u1ef1 \u0111\u1ed9ng gi\u1ea3m d\u00f2ng khi kh\u00f4ng c\u00f3 t\u1ea3i<\/p>\n<p>-th\u00edch h\u1ee3p cho\u00a0 \u0111\u1ed9ng c\u01a1 b\u01b0\u1edbc 3 pha\u00a0 3 d\u00e2yv\u00e0 6 c\u1ee7a mo t\u01a1<\/p>\n<p>C\u00e1ch ly qung \u0111\u1ea7u v\u00e0o, xung t\u1ea7n s\u1ed1 l\u00ean \u0111\u1ebfn 300 KHz<\/p>\n<p>-8 l\u1ef1a ch\u1ecdn \u0111\u1ed9 ph\u00e2n gi\u1ea3i l\u00ean \u0111\u1ebfn 10000 b\u01b0\u1edbc\/rev<\/p>\n<p>-DIP switch thi\u1ebft l\u1eadp hi\u1ec7n t\u1ea1i v\u1edbi 16 gi\u00e1 tr\u1ecb kh\u00e1c nhau<\/p>\n<p>-PUL\/DIR CW &amp;\/CCW ch\u1ebf \u0111\u1ed9 t\u00f9y ch\u1ecdn<\/p>\n<p>-Over-\u0111i\u1ec7n \u00e1p, short-\u0111i\u1ec7n \u00e1p, qu\u00e1 d\u00f2ng v\u00e0 b\u1ea3o v\u1ec7 ng\u1eafn m\u1ea1ch<\/p>\n<p>-k\u00edch th\u01b0\u1edbc nh\u1ecf cho d\u1ec5 d\u00e0ng l\u1eafp<\/p>\n<p><img decoding=\"async\" loading=\"lazy\" class=\"alignnone size-full wp-image-2387\" src=\"http:\/\/thucnclaser.com\/wp-content\/uploads\/2018\/10\/dirver-3-pha-3N583.jpg\" alt=\"\" width=\"1280\" height=\"720\" srcset=\"http:\/\/www.thucnclaser.com\/wp-content\/uploads\/2018\/10\/dirver-3-pha-3N583.jpg 1280w, http:\/\/www.thucnclaser.com\/wp-content\/uploads\/2018\/10\/dirver-3-pha-3N583-768x432.jpg 768w, http:\/\/www.thucnclaser.com\/wp-content\/uploads\/2018\/10\/dirver-3-pha-3N583-600x338.jpg 600w\" sizes=\"(max-width: 1280px) 100vw, 1280px\" \/> <img decoding=\"async\" loading=\"lazy\" class=\"alignnone size-full wp-image-2386\" src=\"http:\/\/thucnclaser.com\/wp-content\/uploads\/2018\/10\/dirver-3N583.jpg\" alt=\"\" width=\"1280\" height=\"720\" srcset=\"http:\/\/www.thucnclaser.com\/wp-content\/uploads\/2018\/10\/dirver-3N583.jpg 1280w, http:\/\/www.thucnclaser.com\/wp-content\/uploads\/2018\/10\/dirver-3N583-768x432.jpg 768w, http:\/\/www.thucnclaser.com\/wp-content\/uploads\/2018\/10\/dirver-3N583-600x338.jpg 600w\" sizes=\"(max-width: 1280px) 100vw, 1280px\" \/> <img decoding=\"async\" loading=\"lazy\" class=\"alignnone size-full wp-image-2385\" src=\"http:\/\/thucnclaser.com\/wp-content\/uploads\/2018\/10\/dirver-3N583-step.jpg\" alt=\"\" width=\"1280\" height=\"720\" srcset=\"http:\/\/www.thucnclaser.com\/wp-content\/uploads\/2018\/10\/dirver-3N583-step.jpg 1280w, http:\/\/www.thucnclaser.com\/wp-content\/uploads\/2018\/10\/dirver-3N583-step-768x432.jpg 768w, http:\/\/www.thucnclaser.com\/wp-content\/uploads\/2018\/10\/dirver-3N583-step-600x338.jpg 600w\" sizes=\"(max-width: 1280px) 100vw, 1280px\" \/> <img decoding=\"async\" loading=\"lazy\" class=\"alignnone size-full wp-image-2384\" src=\"http:\/\/thucnclaser.com\/wp-content\/uploads\/2018\/10\/dirver-3N583-dirver.jpg\" alt=\"\" width=\"1280\" height=\"720\" srcset=\"http:\/\/www.thucnclaser.com\/wp-content\/uploads\/2018\/10\/dirver-3N583-dirver.jpg 1280w, http:\/\/www.thucnclaser.com\/wp-content\/uploads\/2018\/10\/dirver-3N583-dirver-768x432.jpg 768w, http:\/\/www.thucnclaser.com\/wp-content\/uploads\/2018\/10\/dirver-3N583-dirver-600x338.jpg 600w\" sizes=\"(max-width: 1280px) 100vw, 1280px\" \/><\/p>\n","protected":false},"excerpt":{"rendered":"<p>&nbsp; Driver 3 Pha 3ND583 -hi\u1ec7u su\u1ea5t cao, ti\u1ebfng \u1ed3n th\u1ea5p v\u00e0 chi ph\u00ed gi\u1ea3m. Ngu\u1ed3ng \u0111i\u1ec7n \u00e1p \u0111\u1ebfn 50 VDC -D\u00f2ng l\u00ean \u0111\u1ebfn 8.3A (RMS 5.9A) -t\u00edn hi\u1ec7u \u0111\u1ea7u v\u00e0o TTL -t\u1ef1 \u0111\u1ed9ng gi\u1ea3m d\u00f2ng khi kh\u00f4ng c\u00f3 t\u1ea3i -th\u00edch h\u1ee3p cho\u00a0 \u0111\u1ed9ng c\u01a1 b\u01b0\u1edbc 3 pha\u00a0 3 d\u00e2yv\u00e0 6 c\u1ee7a mo t\u01a1 C\u00e1ch [&#8230;]\n","protected":false},"featured_media":2387,"comment_status":"open","ping_status":"closed","template":"","meta":[],"product_cat":[38],"product_tag":[],"_links":{"self":[{"href":"http:\/\/www.thucnclaser.com\/index.php?rest_route=\/wp\/v2\/product\/2392"}],"collection":[{"href":"http:\/\/www.thucnclaser.com\/index.php?rest_route=\/wp\/v2\/product"}],"about":[{"href":"http:\/\/www.thucnclaser.com\/index.php?rest_route=\/wp\/v2\/types\/product"}],"replies":[{"embeddable":true,"href":"http:\/\/www.thucnclaser.com\/index.php?rest_route=%2Fwp%2Fv2%2Fcomments&post=2392"}],"wp:featuredmedia":[{"embeddable":true,"href":"http:\/\/www.thucnclaser.com\/index.php?rest_route=\/wp\/v2\/media\/2387"}],"wp:attachment":[{"href":"http:\/\/www.thucnclaser.com\/index.php?rest_route=%2Fwp%2Fv2%2Fmedia&parent=2392"}],"wp:term":[{"taxonomy":"product_cat","embeddable":true,"href":"http:\/\/www.thucnclaser.com\/index.php?rest_route=%2Fwp%2Fv2%2Fproduct_cat&post=2392"},{"taxonomy":"product_tag","embeddable":true,"href":"http:\/\/www.thucnclaser.com\/index.php?rest_route=%2Fwp%2Fv2%2Fproduct_tag&post=2392"}],"curies":[{"name":"wp","href":"https:\/\/api.w.org\/{rel}","templated":true}]}}