{"id":2263,"date":"2018-06-03T10:54:17","date_gmt":"2018-06-03T03:54:17","guid":{"rendered":"http:\/\/thucnclaser.com\/?post_type=product&#038;p=2263"},"modified":"2021-05-15T15:52:51","modified_gmt":"2021-05-15T08:52:51","slug":"may-cat-laser-co2-mini","status":"publish","type":"product","link":"http:\/\/www.thucnclaser.com\/?product=may-cat-laser-co2-mini","title":{"rendered":"m\u00e1y c\u1eaft laser  co2 mini"},"content":{"rendered":"<p><em><strong>M\u00e1y c\u1eaft\u00a0Laser mini 20*30-40W<\/strong><\/em><\/p>\n<p><strong>\u00a0M\u00e1y c\u1eaft\u00a0Laser mini 20*30-40W\u00a0 <\/strong><\/p>\n<p><strong>\u1ee8ng d\u1ee5ng\u00a0<\/strong><\/p>\n<p>C\u1eaft da ,v\u1ea3i ,g\u1ed7 tre ,m\u00ea ka simli ,k\u00ednh c\u01b0\u1eddng l\u1ef1c smast phone .<\/p>\n<p>Kh\u1eaf tr\u00ean m\u1ecdi ch\u1ea5t li\u1ec7u hoa qu\u1ea3 ( d\u01b0a h\u1ea5u, d\u1eeba kh\u00f4 ..)<\/p>\n<p><strong>M\u00e1y c\u1eaft\u00a0Laser mini 20*30-40W <\/strong>l\u00e0 d\u00f2ng m\u00e1y c\u1eaft kh\u1eafc ti\u00ean ti\u1ebfn, v\u1edbi vi\u1ec7c \u00e1p d\u1ee5ng c\u00f4ng ngh\u1ec7 c\u1eaft kh\u1eafc Co2 c\u00f9ng v\u1edbi \u0111\u1ed9ng c\u01a1 b\u01b0\u1edbc hi\u1ec7n \u0111\u1ea1i.\u00a0Ch\u00fang t\u00f4i\u00a0 \u0111\u00e3 nh\u1eadp v\u1ec1 d\u00f2ng m\u00e1y c\u1eaft kh\u1eafc v\u1edbi nh\u1eefng t\u00ednh n\u0103ng v\u01b0\u1ee3t tr\u1ed9i. V\u1edbi k\u00edch th\u01b0\u1edbc b\u00e0n 20*30 \u00a0v\u00e0 ngu\u1ed3n laser 40w th\u00ec \u0111\u00e2y l\u00e0 d\u00f2ng m\u00e1y c\u00f3 k\u00edch th\u01b0\u1edbc nh\u1ecf g\u1ecdn v\u00e0 c\u00f3 t\u00ednh c\u01a1 \u0111\u1ed9ng nh\u1ea5t trong c\u00e1c d\u00f2ng s\u1ea3n ph\u1ea9m laser<\/p>\n<p>V\u1edbi c\u00f4ng su\u1ea5t ngu\u1ed3n 40W<strong> M\u00e1y c\u1eaft\u00a0Laser mini 20*30-40W<\/strong>\u00a0c\u00f3 kh\u1ea3 n\u0103ng c\u1eaft v\u00e0 kh\u1eafc \u0111\u01b0\u1ee3c tr\u00ean nhi\u1ec1u v\u1eadt li\u1ec7u kh\u00e1c nhau nh\u01b0 v\u1ea3i, da, mica, g\u1ed7, th\u1ee7y tinh, g\u1ed1m s\u1ee9&#8230; V\u1edbi chi ph\u00ed b\u1ecf ra ban \u0111\u1ea7u kh\u00f4ng cao, ch\u00fang ta s\u1ebd ho\u00e0n to\u00e0n b\u1ea5t ng\u1edd v\u1edbi c\u00f4ng d\u1ee5ng\u00a0m\u00e0 <strong>M\u00e1y c\u1eaft\u00a0Laser mini 20*30-40W<\/strong>\u00a0c\u00f3 th\u1ec3 mang l\u1ea1i. V\u1edbi kh\u1ea3 n\u0103ng c\u00f3 th\u1ec3 c\u1eaft kh\u1eafc tr\u00ean g\u1ed7, mica, gi\u1ea5y, da &#8230;Th\u00ec \u0111\u00e2y ch\u00ednh l\u00e0 d\u00f2ng m\u00e1y mang l\u1ea1i l\u1ee3i \u00edch kinh t\u1ebf cao nh\u1ea5t cho ng\u01b0\u1eddi s\u1eed d\u1ee5ng, gi\u00fap ng\u01b0\u1eddi s\u1eed d\u1ee5ng d\u1ec5 d\u00e0ng thu h\u1ed3i l\u1ea1i s\u1ed1 v\u1ed1n b\u1ecf ra.<\/p>\n<p>&nbsp;<\/p>\n<p><img decoding=\"async\" src=\"http:\/\/images.sieuthitaigia.vn\/san-pham\/MAY-CONG-CU\/MAY-CAT-LASER\/may-cat-laser-elip-eco-e2030-40w\/may-cat-laser-20-30-40w-11-09-2017-14.png\" alt=\"\" \/><\/p>\n<p><em>S\u1eed d\u1ee5ng m\u00e1y c\u1eaft laser co2 mini c\u1eaft kh\u1eafc tr\u00ean mica.<\/em><\/p>\n<p><img decoding=\"async\" src=\"http:\/\/images.sieuthitaigia.vn\/san-pham\/MAY-CONG-CU\/MAY-CAT-LASER\/may-cat-laser-elip-eco-e2030-40w\/may-cat-laser-20-30-40w-11-09-2017-12.png\" alt=\"\" \/><\/p>\n<p><em>S\u1eed d\u1ee5ng m\u00e1y c\u1eaft lasermini co2 \u0111\u1ec3 t\u1ea1o nh\u1eefng s\u1ea3n ph\u1ea9m ngh\u1ec7 thu\u1eadt.<\/em><\/p>\n<p><img decoding=\"async\" src=\"http:\/\/images.sieuthitaigia.vn\/san-pham\/MAY-CONG-CU\/MAY-CAT-LASER\/may-cat-laser-elip-eco-e2030-40w\/may-cat-laser-20-30-40w-11-09-2017-13.png\" alt=\"\" \/><\/p>\n<p><img decoding=\"async\" loading=\"lazy\" class=\"alignnone size-medium wp-image-2266\" src=\"http:\/\/thucnclaser.com\/wp-content\/uploads\/2018\/06\/anh-khac-laser8.jpg\" alt=\"\" width=\"720\" height=\"960\" srcset=\"http:\/\/www.thucnclaser.com\/wp-content\/uploads\/2018\/06\/anh-khac-laser8.jpg 720w, http:\/\/www.thucnclaser.com\/wp-content\/uploads\/2018\/06\/anh-khac-laser8-600x800.jpg 600w\" sizes=\"(max-width: 720px) 100vw, 720px\" \/> <img decoding=\"async\" loading=\"lazy\" class=\"alignnone size-medium wp-image-2267\" src=\"http:\/\/thucnclaser.com\/wp-content\/uploads\/2018\/06\/anh-khac-laser2.jpg\" alt=\"\" width=\"960\" height=\"720\" srcset=\"http:\/\/www.thucnclaser.com\/wp-content\/uploads\/2018\/06\/anh-khac-laser2.jpg 960w, http:\/\/www.thucnclaser.com\/wp-content\/uploads\/2018\/06\/anh-khac-laser2-768x576.jpg 768w, http:\/\/www.thucnclaser.com\/wp-content\/uploads\/2018\/06\/anh-khac-laser2-600x450.jpg 600w\" sizes=\"(max-width: 960px) 100vw, 960px\" \/> <img decoding=\"async\" loading=\"lazy\" class=\"alignnone size-medium wp-image-2268\" src=\"http:\/\/thucnclaser.com\/wp-content\/uploads\/2018\/06\/anh-khac-laser3.jpg\" alt=\"\" width=\"960\" height=\"720\" srcset=\"http:\/\/www.thucnclaser.com\/wp-content\/uploads\/2018\/06\/anh-khac-laser3.jpg 960w, http:\/\/www.thucnclaser.com\/wp-content\/uploads\/2018\/06\/anh-khac-laser3-768x576.jpg 768w, http:\/\/www.thucnclaser.com\/wp-content\/uploads\/2018\/06\/anh-khac-laser3-600x450.jpg 600w\" sizes=\"(max-width: 960px) 100vw, 960px\" \/> <img decoding=\"async\" loading=\"lazy\" class=\"alignnone size-medium wp-image-2269\" src=\"http:\/\/thucnclaser.com\/wp-content\/uploads\/2018\/06\/anh-khac-laser4.jpg\" alt=\"\" width=\"960\" height=\"720\" srcset=\"http:\/\/www.thucnclaser.com\/wp-content\/uploads\/2018\/06\/anh-khac-laser4.jpg 960w, http:\/\/www.thucnclaser.com\/wp-content\/uploads\/2018\/06\/anh-khac-laser4-768x576.jpg 768w, http:\/\/www.thucnclaser.com\/wp-content\/uploads\/2018\/06\/anh-khac-laser4-600x450.jpg 600w\" sizes=\"(max-width: 960px) 100vw, 960px\" \/> <img decoding=\"async\" loading=\"lazy\" class=\"alignnone size-medium wp-image-2270\" src=\"http:\/\/thucnclaser.com\/wp-content\/uploads\/2018\/06\/anh-khac-laser5.jpg\" alt=\"\" width=\"720\" height=\"960\" srcset=\"http:\/\/www.thucnclaser.com\/wp-content\/uploads\/2018\/06\/anh-khac-laser5.jpg 720w, http:\/\/www.thucnclaser.com\/wp-content\/uploads\/2018\/06\/anh-khac-laser5-600x800.jpg 600w\" sizes=\"(max-width: 720px) 100vw, 720px\" \/> <img decoding=\"async\" loading=\"lazy\" class=\"alignnone size-medium wp-image-2271\" src=\"http:\/\/thucnclaser.com\/wp-content\/uploads\/2018\/06\/anh-khac-laser6.jpg\" alt=\"\" width=\"960\" height=\"720\" srcset=\"http:\/\/www.thucnclaser.com\/wp-content\/uploads\/2018\/06\/anh-khac-laser6.jpg 960w, http:\/\/www.thucnclaser.com\/wp-content\/uploads\/2018\/06\/anh-khac-laser6-768x576.jpg 768w, http:\/\/www.thucnclaser.com\/wp-content\/uploads\/2018\/06\/anh-khac-laser6-600x450.jpg 600w\" sizes=\"(max-width: 960px) 100vw, 960px\" \/> <img decoding=\"async\" loading=\"lazy\" class=\"alignnone size-full wp-image-2272\" src=\"http:\/\/thucnclaser.com\/wp-content\/uploads\/2018\/06\/anh-khac-laser7.jpg\" alt=\"\" width=\"720\" height=\"960\" srcset=\"http:\/\/www.thucnclaser.com\/wp-content\/uploads\/2018\/06\/anh-khac-laser7.jpg 720w, http:\/\/www.thucnclaser.com\/wp-content\/uploads\/2018\/06\/anh-khac-laser7-600x800.jpg 600w\" sizes=\"(max-width: 720px) 100vw, 720px\" \/><\/p>\n<p><em>S\u1eed d\u1ee5ng m\u00e1y kh\u1eafc laser co2 kh\u1eafc tr\u00ean g\u1ed7.<\/em><\/p>\n<p><img decoding=\"async\" src=\"http:\/\/images.sieuthitaigia.vn\/san-pham\/MAY-CONG-CU\/MAY-CAT-LASER\/may-cat-laser-elip-eco-e2030-40w\/may-cat-laser-20-30-40w-11-09-2017-23.jpg\" alt=\"\" \/><\/p>\n<p><em>M\u00e1y Kh\u1eafc laser co2\u00a0 cho ra nh\u1eefng con d\u1ea5u ch\u1ea5t l\u01b0\u1ee3ng nh\u1ea5t.<\/em><\/p>\n<p><strong>II. TH\u00d4NG TIN K\u1ef8 THU\u1eacT:<\/strong><\/p>\n<p><img decoding=\"async\" src=\"http:\/\/images.sieuthitaigia.vn\/san-pham\/gach-ngang\/gach-ngang.jpg\" alt=\"\" \/><\/p>\n<div>\n<table border=\"1\" cellspacing=\"0\" cellpadding=\"0\" align=\"center\">\n<tbody>\n<tr>\n<td><strong>T\u00ean s\u1ea3n ph\u1ea9m<\/strong><\/td>\n<td>M\u00e1y c\u1eaft kh\u1eafc phi kim Laser 20*30-40W<\/td>\n<\/tr>\n<tr>\n<td>Model<\/td>\n<td>20*30-40W<\/td>\n<\/tr>\n<tr>\n<td>C\u00f4ng su\u1ea5t<\/td>\n<td>40W &#8211; 50w<\/td>\n<\/tr>\n<tr>\n<td>Ngu\u1ed3n laser<\/td>\n<td>Laser\u00a0CO2<\/td>\n<\/tr>\n<tr>\n<td>Di\u1ec7n t\u00edch b\u00e0n<\/td>\n<td>20&#215;30 cm<\/td>\n<\/tr>\n<tr>\n<td>Interface<\/td>\n<td>USB<\/td>\n<\/tr>\n<tr>\n<td>Sai s\u1ed1 l\u1eb7p l\u1ea1i<\/td>\n<td>0.01<\/td>\n<\/tr>\n<tr>\n<td>H\u1ed7 tr\u1ee3 \u0111\u1ecbnh d\u1ea1ng file<\/td>\n<td>AI, BMP, DST, DWG, DXF, DXP, LAS, PLT, PCX<\/td>\n<\/tr>\n<tr>\n<td>Ph\u1ea7n m\u1ec1m h\u1ed7 tr\u1ee3<\/td>\n<td>COREL DRAW<\/td>\n<\/tr>\n<tr>\n<td>Ngu\u1ed3n cung c\u1ea5p<\/td>\n<td>220V\/50HZ<\/td>\n<\/tr>\n<tr>\n<td>\u0110\u1ed9 d\u00e0y c\u1eaft<\/td>\n<td>0-20mm( t\u00f9y c\u00f4ng su\u1ea5t ngu\u1ed3n)<\/td>\n<\/tr>\n<tr>\n<td>\u0110\u1ed9ng c\u01a1<\/td>\n<td>\u0110\u1ed9ng c\u01a1 b\u01b0\u1edbc<\/td>\n<\/tr>\n<tr>\n<td>T\u1ed1c \u0111\u1ed9 c\u1eaft<\/td>\n<td>0-36000mm\/s (t\u00f9y v\u1eadt li\u1ec7u)<\/td>\n<\/tr>\n<tr>\n<td>T\u1ed1c \u0111\u1ed9 kh\u1eafc<\/td>\n<td>0-500mm\/s (t\u00f9y v\u1eadt li\u1ec7u)<\/td>\n<\/tr>\n<tr>\n<td>M\u00f4i tr\u01b0\u1eddng l\u00e0m vi\u1ec7c<\/td>\n<td>0-45 \u0111\u1ed9 C<\/td>\n<\/tr>\n<tr>\n<td>K\u00edch th\u01b0\u1edbc bao<\/td>\n<td>100*75*45cm<\/td>\n<\/tr>\n<tr>\n<td>Kh\u1ed1i l\u01b0\u1ee3ng<\/td>\n<td>35 Kg<\/td>\n<\/tr>\n<\/tbody>\n<\/table>\n<\/div>\n<p><strong>III. \u01afu \u0111i\u1ec3m c\u1ee7a m\u00e1y c\u1eaft laser phi kim Co2:<\/strong><\/p>\n<p><img decoding=\"async\" src=\"http:\/\/images.sieuthitaigia.vn\/san-pham\/gach-ngang\/gach-ngang.jpg\" alt=\"\" \/><\/p>\n<p>V\u1edbi thi\u1ebft k\u1ebf<em><strong>\u00a0\u0111\u1ed9ng c\u01a1 b\u01b0\u1edbc t\u1ed1c \u0111\u1ed9 cao<\/strong><\/em>, \u0111\u00e2y l\u00e0 m\u1ed9t th\u00e0nh ph\u1ea7n kh\u00f4ng th\u1ec3 thi\u1ebfu trong h\u1ec7 th\u1ed1ng \u0111i\u1ec1u khi\u1ec3n c\u1ee7a m\u00e1y laser d\u00f2ng M\u00e1y co2. V\u1edbi \u0111\u1ed9ng c\u01a1 b\u01b0\u1edbc ti\u00ean ti\u1ebfn v\u00e0 hi\u1ec7n \u0111\u1ea1i gi\u00fap cho qu\u00e1 tr\u00ecnh ho\u1ea1t \u0111\u1ed9ng c\u1ee7a \u0111\u1ea7u laser lu\u00f4n \u0111\u01b0\u1ee3c\u00a0<em><strong>chu\u1ea9n x\u00e1c\u00a0<\/strong><\/em>v\u00e0o m\u1ecdi l\u00fac.<\/p>\n<p>B\u1eb1ng c\u00e1ch s\u1eed d\u1ee5ng t\u00edn hi\u1ec7u xung \u0111\u1ec3 h\u01b0\u1edbng d\u1eabn, \u0111\u1ed9ng c\u01a1 b\u01b0\u1edbc t\u1ed1c \u0111\u1ed9 cao n\u00e0y cho ph\u00e9p chuy\u1ec3n \u0111\u1ed9ng , g\u00f3c quay v\u00e0 t\u1ed1c \u0111\u1ed9 c\u1ee7a \u0111\u1ea7u kh\u1eafc laser\u00a0 \u0111\u01b0\u1ee3c<em><strong>\u00a0ch\u00ednh x\u00e1c h\u01a1n g\u1ea5p nhi\u1ec1u l\u1ea7n<\/strong><\/em>\u00a0so v\u1edbi d\u00f2ng m\u00e1y th\u00f4ng th\u01b0\u1eddng. \u0110\u1ed9ng c\u01a1 b\u01b0\u1edbc\u00a0<em><strong>hi\u1ec7n \u0111\u1ea1i\u00a0<\/strong><\/em>gi\u00fap \u0111\u1ea7u kh\u1eafc laser \u0111\u01b0\u1ee3c ho\u1ea1t \u0111\u1ed9ng \u1ed5n \u0111\u1ecbnh v\u00e0 kh\u00f4ng b\u1ecb l\u1ec7ch kh\u1ecfi v\u1ecb tr\u00ed ban \u0111\u1ea7u.<\/p>\n<p>V\u1edbi k\u00edch nh\u1ecf g\u1ecdn c\u1ee7a \u0111\u1ed9ng c\u01a1 b\u01b0\u1edbc M\u00e1y cho ph\u00e9p ch\u00fang c\u00f3 th\u1ec3 t\u1ea1o ra m\u00f4 men cao, cho ph\u00e9p gia t\u1ed1c v\u00e0 ph\u1ea3n \u1ee9ng nhanh v\u1edbi s\u1ef1 thay \u0111\u1ed5i c\u1ee7a \u0111i\u1ec3m \u1ea3nh. Gi\u00fap cho \u0111\u1ed9\u00a0<strong><em>ch\u00ednh x\u00e1c<\/em><\/strong>\u00a0c\u1ee7a m\u00e1y kh\u1eafc c\u1eaft laser g\u1ea7n nh\u01b0 l\u00e0\u00a0<em><strong>tuy\u1ec7t \u0111\u1ed1i<\/strong><\/em>.<\/p>\n<p><strong><img decoding=\"async\" src=\"http:\/\/images.sieuthitaigia.vn\/san-pham\/MAY-CONG-CU\/MAY-CAT-LASER\/may-cat-laser-elip-eco-e2030-40w\/may-cat-laser-20-30-40w-11-09-2017-10.png\" alt=\"\" \/><\/strong><\/p>\n<p><em>\u00a0\u0110\u1ed9ng c\u01a1 b\u01b0\u1edbc hi\u1ec7n \u0111\u1ea1i, cho ra nh\u1eefng s\u1ea3n ph\u1ea9m chu\u1ea9n x\u00e1c nh\u1ea5t.<\/em><\/p>\n<p>V\u1edbi s\u1ef1 t\u00edch h\u1ee3p \u00a0c\u1ee7a red point d\u1ec5 d\u00e0ng nh\u00ecn th\u1ea5y, gi\u00fap cho m\u00e1y c\u1eaft laser Co2 gi\u00fap cho ng\u01b0\u1eddi s\u1eed d\u1ee5ng c\u00f3 th\u1ec3 d\u1ec5 d\u00e0ng x\u00e1c \u0111\u1ecbnh \u0111\u01b0\u1ee3c v\u1ecb tr\u00ed c\u1eaft v\u00e0 kh\u1eafc ngay c\u1ea3 khi ho\u1ea1t \u0111\u1ed9ng v\u00e0 l\u00e0m vi\u1ec7c tr\u00ean nh\u1eefng v\u1eadt li\u1ec7u g\u1ed3 gh\u1ec1, kh\u00f3 kh\u1eafc.<\/p>\n<p>Khi c\u1eaft v\u00e0 kh\u1eafc tr\u00ean m\u1ed9t s\u1ea3n ph\u1ea9m, ch\u1ea5t li\u1ec7u c\u00f3 t\u00ednh ch\u1ea5t kh\u00f4ng \u0111\u1ed3ng \u0111\u1ec1u th\u00ec ch\u00fang ta ho\u00e0n to\u00e0n c\u00f3 th\u1ec3 s\u1eed d\u1ee5ng redpoint c\u1ed9ng v\u1edbi \u0111\u01b0\u1eddng ch\u1ea1y m\u1eabu \u0111\u1ec3 x\u00e1c \u0111\u1ecbnh \u0111\u01b0\u1ee3c v\u1ecb tr\u00ed c\u1eaft kh\u1eafc c\u1ee7a m\u00e1y, \u0111\u00e2y l\u00e0 m\u1ed9t c\u1ea3i ti\u1ebfn ho\u00e0n to\u00e0n m\u1edbi so v\u1edbi nh\u1eefng d\u00f2ng m\u00e1y laser c\u0169.<\/p>\n<p><img decoding=\"async\" src=\"http:\/\/images.sieuthitaigia.vn\/san-pham\/MAY-CONG-CU\/MAY-CAT-LASER\/may-cat-laser-elip-eco-e2030-40w\/may-cat-laser-20-30-40w-11-09-2017-11.png\" alt=\"\" \/><\/p>\n<p><em>V\u1edbi s\u1ef1 h\u1ed5 tr\u1ee3 c\u1ee7a redpoint gi\u00fap cho kh\u1ea3 n\u0103ng x\u00e1c \u0111\u1ecbnh v\u1ecb tr\u00ed c\u1ee7a M\u00e1y cao h\u01a1n nhi\u1ec1u so v\u1edbi d\u00f2ng th\u00f4ng th\u01b0\u1eddng.<\/em><\/p>\n<p>V\u1edbi th\u1ea5u k\u00ednh v\u00e0 g\u01b0\u01a1ng ph\u1ea3n x\u1ea1 ch\u1ea5t l\u01b0\u1ee3ng cao gi\u00fap cho tia laser \u0111\u01b0\u1ee3c s\u1ea1ch v\u00e0 kh\u00f4ng b\u1ecb y\u1ebfu \u0111i khi c\u1eaft, v\u1edbi thi\u1ebft k\u1ebf d\u1ec5 d\u00e0ng th\u00e1o l\u1eafp v\u00e0 v\u1ec7 sinh\u00a0gi\u00fap ng\u01b0\u1eddi v\u1eadn h\u00e0nh m\u00e1y d\u1ec5 d\u00e0ng thay th\u1ebf linh ki\u1ec7n khi b\u1ecb hao m\u00f2n, \u0111\u1ea3m b\u1ea3o cho ch\u1ea5t l\u01b0\u1ee3ng c\u1ee7a \u0111\u01b0\u1eddng tia laser lu\u00f4n \u0111\u01b0\u1ee3c \u1ed5n \u0111\u1ecbnh,cho ra nh\u1eefng ch\u00f9m tia v\u1edbi \u0111\u00fang c\u00f4ng su\u1ea5t v\u00e0 ch\u1ea5t l\u01b0\u1ee3ng cao nh\u1ea5t, m\u00e0 c\u00e1c d\u00f2ng m\u00e1y laser \u0111\u1eddi c\u0169 kh\u00f4ng th\u1ec3 n\u00e0o c\u00f3 \u0111\u01b0\u1ee3c.<\/p>\n<p>&nbsp;<\/p>\n<p><em>th\u1ea5u k\u00ednh v\u00e0 g\u01b0\u01a1ng ph\u1ea3n x\u1ea1 ch\u1ea5t l\u01b0\u1ee3ng cao gi\u00fap \u0111\u1ea3m b\u1ea3o ch\u1ea5t l\u01b0\u1ee3ng ch\u00f9m tia.<\/em><\/p>\n<p><img decoding=\"async\" src=\"http:\/\/images.sieuthitaigia.vn\/Elip.vn\/May-cong-cu\/cat-khac-phi-kim\/2030-40-3.jpg\" alt=\"\" \/><\/p>\n<p><img decoding=\"async\" loading=\"lazy\" class=\"alignnone size-full wp-image-2265\" src=\"http:\/\/thucnclaser.com\/wp-content\/uploads\/2018\/06\/M\u00e1y-laser-co2.jpg\" alt=\"\" width=\"3264\" height=\"1836\" srcset=\"http:\/\/www.thucnclaser.com\/wp-content\/uploads\/2018\/06\/M\u00e1y-laser-co2.jpg 3264w, http:\/\/www.thucnclaser.com\/wp-content\/uploads\/2018\/06\/M\u00e1y-laser-co2-768x432.jpg 768w, http:\/\/www.thucnclaser.com\/wp-content\/uploads\/2018\/06\/M\u00e1y-laser-co2-600x338.jpg 600w\" sizes=\"(max-width: 3264px) 100vw, 3264px\" \/> <img decoding=\"async\" loading=\"lazy\" class=\"alignnone size-full wp-image-2264\" src=\"http:\/\/thucnclaser.com\/wp-content\/uploads\/2018\/06\/M\u00e1y-laser-co2-40w.jpg\" alt=\"\" width=\"2048\" height=\"1152\" srcset=\"http:\/\/www.thucnclaser.com\/wp-content\/uploads\/2018\/06\/M\u00e1y-laser-co2-40w.jpg 2048w, http:\/\/www.thucnclaser.com\/wp-content\/uploads\/2018\/06\/M\u00e1y-laser-co2-40w-768x432.jpg 768w, http:\/\/www.thucnclaser.com\/wp-content\/uploads\/2018\/06\/M\u00e1y-laser-co2-40w-600x338.jpg 600w\" sizes=\"(max-width: 2048px) 100vw, 2048px\" \/><\/p>\n<p><em>\u0110ai v\u00e0 thanh tr\u01b0\u1ee3t \u0111i\u1ec1u khi\u1ec3n ch\u1ea5t l\u01b0\u1ee3ng, gi\u00fap \u0111\u1ea3m b\u1ea3o cho ch\u1ea5t l\u01b0\u1ee3ng h\u00ecnh kh\u1eafc v\u00e0 \u0111\u01b0\u1eddng c\u1eaft.<\/em><\/p>\n<p>V\u1edbi nh\u1eefng \u01b0u \u0111i\u1ec3m\u00a0v\u00e0 thi\u1ebft k\u1ebf \u0111\u1eb7c bi\u1ec7t th\u00ec vi\u1ec7c s\u1edf h\u1eefu M\u00e1y kh\u1eafc laser co2\u00a0 l\u00e0 m\u1ed9t gi\u1ea3i ph\u00e1p gi\u00fap cho b\u1ea1n gi\u1ea3i quy\u1ebft t\u1ea5t c\u1ea3 v\u1ea5n \u0111\u1ec1 v\u1edbi chi ph\u00ed b\u1ecf ra l\u00e0 th\u1ea5p nh\u1ea5t. Li\u00ean h\u1ec7 ngay hotline \u0111\u1ec3 \u0111\u01b0\u1ee3c t\u01b0 v\u1ea5n m\u1ed9t c\u00e1ch chuy\u00ean nghi\u1ec7p nh\u1ea5t.<\/p>\n<p>Tr\u1ef1 ti\u1ebfp h\u1ed7 tr\u1edf k\u1ef9 thu\u1eadt 24\/24h LH dtzalo t\u01b0 v\u1ea5n 0909112460 Mr Th\u01b0<\/p>\n<p>&nbsp;<\/p>\n","protected":false},"excerpt":{"rendered":"<p>M\u00e1y c\u1eaft\u00a0Laser mini 20*30-40W \u00a0M\u00e1y c\u1eaft\u00a0Laser mini 20*30-40W\u00a0 \u1ee8ng d\u1ee5ng\u00a0 C\u1eaft da ,v\u1ea3i ,g\u1ed7 tre ,m\u00ea ka simli ,k\u00ednh c\u01b0\u1eddng l\u1ef1c smast phone . Kh\u1eaf tr\u00ean m\u1ecdi ch\u1ea5t li\u1ec7u hoa qu\u1ea3 ( d\u01b0a h\u1ea5u, d\u1eeba kh\u00f4 ..) M\u00e1y c\u1eaft\u00a0Laser mini 20*30-40W l\u00e0 d\u00f2ng m\u00e1y c\u1eaft kh\u1eafc ti\u00ean ti\u1ebfn, v\u1edbi vi\u1ec7c \u00e1p d\u1ee5ng c\u00f4ng ngh\u1ec7 c\u1eaft [&#8230;]\n","protected":false},"featured_media":2264,"comment_status":"open","ping_status":"closed","template":"","meta":[],"product_cat":[46,47],"product_tag":[],"_links":{"self":[{"href":"http:\/\/www.thucnclaser.com\/index.php?rest_route=\/wp\/v2\/product\/2263"}],"collection":[{"href":"http:\/\/www.thucnclaser.com\/index.php?rest_route=\/wp\/v2\/product"}],"about":[{"href":"http:\/\/www.thucnclaser.com\/index.php?rest_route=\/wp\/v2\/types\/product"}],"replies":[{"embeddable":true,"href":"http:\/\/www.thucnclaser.com\/index.php?rest_route=%2Fwp%2Fv2%2Fcomments&post=2263"}],"wp:featuredmedia":[{"embeddable":true,"href":"http:\/\/www.thucnclaser.com\/index.php?rest_route=\/wp\/v2\/media\/2264"}],"wp:attachment":[{"href":"http:\/\/www.thucnclaser.com\/index.php?rest_route=%2Fwp%2Fv2%2Fmedia&parent=2263"}],"wp:term":[{"taxonomy":"product_cat","embeddable":true,"href":"http:\/\/www.thucnclaser.com\/index.php?rest_route=%2Fwp%2Fv2%2Fproduct_cat&post=2263"},{"taxonomy":"product_tag","embeddable":true,"href":"http:\/\/www.thucnclaser.com\/index.php?rest_route=%2Fwp%2Fv2%2Fproduct_tag&post=2263"}],"curies":[{"name":"wp","href":"https:\/\/api.w.org\/{rel}","templated":true}]}}