{"id":1096,"date":"2017-09-29T15:45:56","date_gmt":"2017-09-29T08:45:56","guid":{"rendered":"http:\/\/thu.hunghaweb.com\/?post_type=product&#038;p=1096"},"modified":"2018-11-03T23:19:06","modified_gmt":"2018-11-03T16:19:06","slug":"nguon-to-ong","status":"publish","type":"product","link":"http:\/\/www.thucnclaser.com\/?product=nguon-to-ong","title":{"rendered":"Ngu\u1ed3n -+15v"},"content":{"rendered":"<p><img decoding=\"async\" loading=\"lazy\" class=\"alignnone size-full wp-image-2026\" src=\"http:\/\/thucnclaser.com\/wp-content\/uploads\/2017\/09\/Ngu\u1ed3n-15V.jpg\" alt=\"\" width=\"1920\" height=\"1080\" srcset=\"http:\/\/www.thucnclaser.com\/wp-content\/uploads\/2017\/09\/Ngu\u1ed3n-15V.jpg 1920w, http:\/\/www.thucnclaser.com\/wp-content\/uploads\/2017\/09\/Ngu\u1ed3n-15V-600x338.jpg 600w, http:\/\/www.thucnclaser.com\/wp-content\/uploads\/2017\/09\/Ngu\u1ed3n-15V-768x432.jpg 768w\" sizes=\"(max-width: 1920px) 100vw, 1920px\" \/> <img decoding=\"async\" loading=\"lazy\" class=\"alignnone size-medium wp-image-2027\" src=\"http:\/\/thucnclaser.com\/wp-content\/uploads\/2017\/09\/Nguon-to-ong-15V.jpg\" alt=\"\" width=\"1920\" height=\"1080\" srcset=\"http:\/\/www.thucnclaser.com\/wp-content\/uploads\/2017\/09\/Nguon-to-ong-15V.jpg 1920w, http:\/\/www.thucnclaser.com\/wp-content\/uploads\/2017\/09\/Nguon-to-ong-15V-600x338.jpg 600w, http:\/\/www.thucnclaser.com\/wp-content\/uploads\/2017\/09\/Nguon-to-ong-15V-768x432.jpg 768w\" sizes=\"(max-width: 1920px) 100vw, 1920px\" \/> <img decoding=\"async\" loading=\"lazy\" class=\"alignnone size-medium wp-image-2028\" src=\"http:\/\/thucnclaser.com\/wp-content\/uploads\/2017\/09\/Ngu\u1ed3n-15V-FB.jpg\" alt=\"\" width=\"1920\" height=\"1080\" srcset=\"http:\/\/www.thucnclaser.com\/wp-content\/uploads\/2017\/09\/Ngu\u1ed3n-15V-FB.jpg 1920w, http:\/\/www.thucnclaser.com\/wp-content\/uploads\/2017\/09\/Ngu\u1ed3n-15V-FB-600x338.jpg 600w, http:\/\/www.thucnclaser.com\/wp-content\/uploads\/2017\/09\/Ngu\u1ed3n-15V-FB-768x432.jpg 768w\" sizes=\"(max-width: 1920px) 100vw, 1920px\" \/> <img decoding=\"async\" loading=\"lazy\" class=\"alignnone size-medium wp-image-2029\" src=\"http:\/\/thucnclaser.com\/wp-content\/uploads\/2017\/09\/Nguon-15V.jpg\" alt=\"\" width=\"1920\" height=\"1080\" srcset=\"http:\/\/www.thucnclaser.com\/wp-content\/uploads\/2017\/09\/Nguon-15V.jpg 1920w, http:\/\/www.thucnclaser.com\/wp-content\/uploads\/2017\/09\/Nguon-15V-600x338.jpg 600w, http:\/\/www.thucnclaser.com\/wp-content\/uploads\/2017\/09\/Nguon-15V-768x432.jpg 768w\" sizes=\"(max-width: 1920px) 100vw, 1920px\" \/><img decoding=\"async\" loading=\"lazy\" class=\"alignnone size-full wp-image-1802\" src=\"http:\/\/thucnclaser.com\/wp-content\/uploads\/2017\/09\/Nguon-to-ong-15v-14.jpg\" alt=\"\" width=\"1920\" height=\"1080\" \/> <img decoding=\"async\" loading=\"lazy\" class=\"alignnone size-medium wp-image-1803\" src=\"http:\/\/thucnclaser.com\/wp-content\/uploads\/2017\/09\/Nguon-to-ong-15v-4.jpg\" alt=\"\" width=\"1024\" height=\"576\" \/> <img decoding=\"async\" loading=\"lazy\" class=\"alignnone size-medium wp-image-1804\" src=\"http:\/\/thucnclaser.com\/wp-content\/uploads\/2017\/09\/Nguon-to-ong-15v-10.jpg\" alt=\"\" width=\"1920\" height=\"1080\" \/><\/p>\n","protected":false},"excerpt":{"rendered":"<p>To\u00e0n b\u1ed9 th\u00e2n m\u00e1y l\u00e0m b\u1eb1ng s\u1eaft c\u00f3 ph\u1ea7n \u0111\u1ec7m \u1edf \u0111\u1ebf d\u1eadp b\u1eb1ng cao su m\u1ec1m r\u1ea5t \u00eam tay khi d\u00f9ng.<\/p>\n<p>&nbsp;<\/p>\n","protected":false},"featured_media":2026,"comment_status":"open","ping_status":"closed","template":"","meta":[],"product_cat":[43,38],"product_tag":[],"_links":{"self":[{"href":"http:\/\/www.thucnclaser.com\/index.php?rest_route=\/wp\/v2\/product\/1096"}],"collection":[{"href":"http:\/\/www.thucnclaser.com\/index.php?rest_route=\/wp\/v2\/product"}],"about":[{"href":"http:\/\/www.thucnclaser.com\/index.php?rest_route=\/wp\/v2\/types\/product"}],"replies":[{"embeddable":true,"href":"http:\/\/www.thucnclaser.com\/index.php?rest_route=%2Fwp%2Fv2%2Fcomments&post=1096"}],"wp:featuredmedia":[{"embeddable":true,"href":"http:\/\/www.thucnclaser.com\/index.php?rest_route=\/wp\/v2\/media\/2026"}],"wp:attachment":[{"href":"http:\/\/www.thucnclaser.com\/index.php?rest_route=%2Fwp%2Fv2%2Fmedia&parent=1096"}],"wp:term":[{"taxonomy":"product_cat","embeddable":true,"href":"http:\/\/www.thucnclaser.com\/index.php?rest_route=%2Fwp%2Fv2%2Fproduct_cat&post=1096"},{"taxonomy":"product_tag","embeddable":true,"href":"http:\/\/www.thucnclaser.com\/index.php?rest_route=%2Fwp%2Fv2%2Fproduct_tag&post=1096"}],"curies":[{"name":"wp","href":"https:\/\/api.w.org\/{rel}","templated":true}]}}