{"id":13,"date":"2017-08-18T16:53:04","date_gmt":"2017-08-18T09:53:04","guid":{"rendered":"http:\/\/thu.hunghaweb.com\/?page_id=13"},"modified":"2018-08-24T00:00:19","modified_gmt":"2018-08-23T17:00:19","slug":"lien-he","status":"publish","type":"page","link":"http:\/\/www.thucnclaser.com\/?page_id=13","title":{"rendered":"Li\u00ean h\u1ec7"},"content":{"rendered":"<div id=\"text-3\" class=\"widget widget_text right\">\n<div class=\"textwidget\">\n<ul>\n<li><strong>\u0110\u1ecba ch\u1ec9<\/strong>: Km 8 QL 10 Th\u1ecb Tr\u1ea5n V\u0169 Th\u01b0 Th\u00e1i B\u00ecnh.<\/li>\n<li><strong>\u0110i\u1ec7n tho\u1ea1i<\/strong>: 0909 112460<\/li>\n<li><strong> Email<\/strong>: Dovanthu299@gmail.com<\/li>\n<li><strong>Website<\/strong>: http:\/\/www.thucnclaser.com\/<\/li>\n<li><img decoding=\"async\" loading=\"lazy\" class=\"alignnone size-full wp-image-2322\" src=\"http:\/\/thucnclaser.com\/wp-content\/uploads\/2017\/08\/stk.jpg\" alt=\"\" width=\"1000\" height=\"500\" srcset=\"http:\/\/www.thucnclaser.com\/wp-content\/uploads\/2017\/08\/stk.jpg 1000w, http:\/\/www.thucnclaser.com\/wp-content\/uploads\/2017\/08\/stk-768x384.jpg 768w, http:\/\/www.thucnclaser.com\/wp-content\/uploads\/2017\/08\/stk-600x300.jpg 600w\" sizes=\"(max-width: 1000px) 100vw, 1000px\" \/><\/li>\n<\/ul>\n<\/div>\n<\/div>\n<p><iframe loading=\"lazy\" style=\"border: 0;\" src=\"https:\/\/www.google.com\/maps\/embed?pb=!1m18!1m12!1m3!1d14954.826924130835!2d106.2646582194767!3d20.436146281155946!2m3!1f0!2f0!3f0!3m2!1i1024!2i768!4f13.1!3m3!1m2!1s0x314a880c03db2029%3A0x8dd228725e3434ee!2zUUwxMCwgVmnhu4d0IE5hbQ!5e0!3m2!1svi!2s!4v1508724547579\" width=\"710\" height=\"600\" frameborder=\"0\" allowfullscreen=\"allowfullscreen\"><\/iframe><\/p>\n","protected":false},"excerpt":{"rendered":"<p>\u0110\u1ecba ch\u1ec9: Km 8 QL 10 Th\u1ecb Tr\u1ea5n V\u0169 Th\u01b0 Th\u00e1i B\u00ecnh. \u0110i\u1ec7n tho\u1ea1i: 0909 112460 Email: Dovanthu299@gmail.com Website: http:\/\/www.thucnclaser.com\/<\/p>\n","protected":false},"author":1,"featured_media":0,"parent":0,"menu_order":0,"comment_status":"closed","ping_status":"closed","template":"page-right-sidebar.php","meta":[],"_links":{"self":[{"href":"http:\/\/www.thucnclaser.com\/index.php?rest_route=\/wp\/v2\/pages\/13"}],"collection":[{"href":"http:\/\/www.thucnclaser.com\/index.php?rest_route=\/wp\/v2\/pages"}],"about":[{"href":"http:\/\/www.thucnclaser.com\/index.php?rest_route=\/wp\/v2\/types\/page"}],"author":[{"embeddable":true,"href":"http:\/\/www.thucnclaser.com\/index.php?rest_route=\/wp\/v2\/users\/1"}],"replies":[{"embeddable":true,"href":"http:\/\/www.thucnclaser.com\/index.php?rest_route=%2Fwp%2Fv2%2Fcomments&post=13"}],"version-history":[{"count":9,"href":"http:\/\/www.thucnclaser.com\/index.php?rest_route=\/wp\/v2\/pages\/13\/revisions"}],"predecessor-version":[{"id":2323,"href":"http:\/\/www.thucnclaser.com\/index.php?rest_route=\/wp\/v2\/pages\/13\/revisions\/2323"}],"wp:attachment":[{"href":"http:\/\/www.thucnclaser.com\/index.php?rest_route=%2Fwp%2Fv2%2Fmedia&parent=13"}],"curies":[{"name":"wp","href":"https:\/\/api.w.org\/{rel}","templated":true}]}}